{"id":9969,"date":"2025-06-16T14:57:40","date_gmt":"2025-06-16T14:57:40","guid":{"rendered":"https:\/\/drroch.mx\/?post_type=product&#038;p=9969"},"modified":"2026-04-08T18:04:33","modified_gmt":"2026-04-08T18:04:33","slug":"mia-y-max-el-timo-para-ninos-formato-digital","status":"publish","type":"product","link":"https:\/\/drroch.mx\/en\/product\/mia-y-max-el-timo-para-ninos-formato-digital\/","title":{"rendered":"Mia and Max: The Scam for Kids (Digital Format)"},"content":{"rendered":"<p>Welcome. Today you&#039;re going to meet two very special companions: Max and M\u00eda. Max represents that part of us that sometimes gets confused, angry, doubtful, or feels inferior. It&#039;s our mind: restless, logical, eager to understand the world, but which sometimes, unintentionally, deceives us, invents problems where there aren&#039;t any, or makes us feel small in the face of challenges. M\u00eda, on the other hand, represents something much deeper: the thymus, that wise part we all carry within, even before we speak or walk. She is the inner voice that calmly whispers that strength, joy, hope, and the ability to overcome any situation already live within us.<\/p>\n<p>Throughout these six stories, you&#039;ll see Max face real life moments: days when telling the truth is difficult, moments when sadness creeps in, mistakes that seem huge, and changes that come without warning. But you&#039;ll also see how Mia, with gentleness and wisdom, reminds him that reality is<\/p>\n<p>It can&#039;t always be changed, but the way we look at it can be. Because what really matters isn&#039;t what happens to us, but what we decide to do with it.<\/p>","protected":false},"excerpt":{"rendered":"<p>Welcome. Today you&#039;re going to meet two very special companions: Max and M\u00eda. Max represents that part of us that sometimes gets confused, angry, doubtful, or feels inferior. It&#039;s our mind: restless, logical, eager to understand the world, but which sometimes, unintentionally, deceives us, invents problems where there aren&#039;t any, or makes us feel small in the face of challenges. M\u00eda, on the other hand, represents something much deeper: the thymus, that wise part we all carry within, even before we speak or walk. She is the inner voice that calmly whispers that strength, joy, hope, and the ability to overcome any situation already live within us.<\/p>\n<p>Throughout these six stories, you&#039;ll see Max face real life moments: days when telling the truth is difficult, moments when sadness creeps in, mistakes that seem huge, and changes that come without warning. But you&#039;ll also see how Mia, with gentleness and wisdom, reminds him that reality is<\/p>\n<p>It can&#039;t always be changed, but the way we look at it can be. Because what really matters isn&#039;t what happens to us, but what we decide to do with it.<\/p>","protected":false},"featured_media":9971,"template":"","meta":[],"product_brand":[],"product_cat":[62],"product_tag":[],"class_list":{"0":"post-9969","1":"product","2":"type-product","3":"status-publish","4":"has-post-thumbnail","6":"product_cat-ebooks-tienda","8":"first","9":"instock","10":"downloadable","11":"shipping-taxable","12":"purchasable","13":"product-type-simple"},"yoast_head":"<!-- This site is optimized with the Yoast SEO plugin v27.3 - https:\/\/yoast.com\/product\/yoast-seo-wordpress\/ -->\n<title>M\u00eda y Max: El Timo para Ni\u00f1os (Formato digital) - Dr. Roch<\/title>\n<meta name=\"robots\" content=\"index, follow, max-snippet:-1, max-image-preview:large, max-video-preview:-1\" \/>\n<link rel=\"canonical\" href=\"https:\/\/drroch.mx\/en\/product\/mia-y-max-el-timo-para-ninos-formato-digital\/\" \/>\n<meta property=\"og:locale\" content=\"en_US\" \/>\n<meta property=\"og:type\" content=\"article\" \/>\n<meta property=\"og:title\" content=\"M\u00eda y Max: El Timo para Ni\u00f1os (Formato digital) - Dr. Roch\" \/>\n<meta property=\"og:description\" content=\"Bienvenido. Hoy vas a conocer a dos compa\u00f1eros muy especiales: Max y M\u00eda. Max representa esa parte de nosotros que, a veces, se confunde, se enoja, duda o se siente menos. Es nuestra mente: inquieta, l\u00f3gica, preocupada por entender el mundo, pero que a veces, sin querer, nos enga\u00f1a, inventa problemas donde no los hay o nos hace sentir peque\u00f1os ante los retos. M\u00eda, en cambio, representa algo mucho m\u00e1s profundo: el timo, esa parte sabia que todos llevamos dentro, incluso desde antes de hablar o caminar. Ella es la voz interior que susurra con calma que la fuerza, la alegr\u00eda, la esperanza y la capacidad de superar cualquier situaci\u00f3n ya viven dentro de nosotros.  A lo largo de estas seis historias, ver\u00e1s a Max enfrentar momentos reales de la vida: d\u00edas en que decir la verdad cuesta, instantes donde la tristeza se asoma, errores que parecen enormes y cambios que llegan sin avisar. Pero tambi\u00e9n ver\u00e1 c\u00f3mo M\u00eda, con suavidad y sabidur\u00eda, le recuerda que la realidad  no siempre se puede cambiar, pero s\u00ed la forma en que la miramos. Porque lo que realmente importa no es lo que nos sucede, sino lo que decidimos hacer con eso.\" \/>\n<meta property=\"og:url\" content=\"https:\/\/drroch.mx\/en\/product\/mia-y-max-el-timo-para-ninos-formato-digital\/\" \/>\n<meta property=\"og:site_name\" content=\"Dr. Roch\" \/>\n<meta property=\"article:publisher\" content=\"https:\/\/www.facebook.com\/DrRochOficial\/\" \/>\n<meta property=\"article:modified_time\" content=\"2026-04-08T18:04:33+00:00\" \/>\n<meta property=\"og:image\" content=\"https:\/\/drroch.mx\/wp-content\/uploads\/2025\/06\/Free_iPad_Mockup_1.jpg\" \/>\n\t<meta property=\"og:image:width\" content=\"960\" \/>\n\t<meta property=\"og:image:height\" content=\"960\" \/>\n\t<meta property=\"og:image:type\" content=\"image\/jpeg\" \/>\n<meta name=\"twitter:card\" content=\"summary_large_image\" \/>\n<meta name=\"twitter:site\" content=\"@drrochoficial\" \/>\n<meta name=\"twitter:label1\" content=\"Est. reading time\" \/>\n\t<meta name=\"twitter:data1\" content=\"2 minutes\" \/>\n<script type=\"application\/ld+json\" class=\"yoast-schema-graph\">{\"@context\":\"https:\\\/\\\/schema.org\",\"@graph\":[{\"@type\":\"WebPage\",\"@id\":\"https:\\\/\\\/drroch.mx\\\/producto\\\/mia-y-max-el-timo-para-ninos-formato-digital\\\/\",\"url\":\"https:\\\/\\\/drroch.mx\\\/producto\\\/mia-y-max-el-timo-para-ninos-formato-digital\\\/\",\"name\":\"M\u00eda y Max: El Timo para Ni\u00f1os (Formato digital) - Dr. Roch\",\"isPartOf\":{\"@id\":\"https:\\\/\\\/drroch.mx\\\/en\\\/#website\"},\"primaryImageOfPage\":{\"@id\":\"https:\\\/\\\/drroch.mx\\\/producto\\\/mia-y-max-el-timo-para-ninos-formato-digital\\\/#primaryimage\"},\"image\":{\"@id\":\"https:\\\/\\\/drroch.mx\\\/producto\\\/mia-y-max-el-timo-para-ninos-formato-digital\\\/#primaryimage\"},\"thumbnailUrl\":\"https:\\\/\\\/drroch.mx\\\/wp-content\\\/uploads\\\/2025\\\/06\\\/Free_iPad_Mockup_1.jpg\",\"datePublished\":\"2025-06-16T14:57:40+00:00\",\"dateModified\":\"2026-04-08T18:04:33+00:00\",\"breadcrumb\":{\"@id\":\"https:\\\/\\\/drroch.mx\\\/producto\\\/mia-y-max-el-timo-para-ninos-formato-digital\\\/#breadcrumb\"},\"inLanguage\":\"en-US\",\"potentialAction\":[{\"@type\":\"ReadAction\",\"target\":[\"https:\\\/\\\/drroch.mx\\\/producto\\\/mia-y-max-el-timo-para-ninos-formato-digital\\\/\"]}]},{\"@type\":\"ImageObject\",\"inLanguage\":\"en-US\",\"@id\":\"https:\\\/\\\/drroch.mx\\\/producto\\\/mia-y-max-el-timo-para-ninos-formato-digital\\\/#primaryimage\",\"url\":\"https:\\\/\\\/drroch.mx\\\/wp-content\\\/uploads\\\/2025\\\/06\\\/Free_iPad_Mockup_1.jpg\",\"contentUrl\":\"https:\\\/\\\/drroch.mx\\\/wp-content\\\/uploads\\\/2025\\\/06\\\/Free_iPad_Mockup_1.jpg\",\"width\":960,\"height\":960},{\"@type\":\"BreadcrumbList\",\"@id\":\"https:\\\/\\\/drroch.mx\\\/producto\\\/mia-y-max-el-timo-para-ninos-formato-digital\\\/#breadcrumb\",\"itemListElement\":[{\"@type\":\"ListItem\",\"position\":1,\"name\":\"Inicio\",\"item\":\"https:\\\/\\\/drroch.mx\\\/\"},{\"@type\":\"ListItem\",\"position\":2,\"name\":\"M\u00eda y Max: El Timo para Ni\u00f1os (Formato digital)\"}]},{\"@type\":\"WebSite\",\"@id\":\"https:\\\/\\\/drroch.mx\\\/en\\\/#website\",\"url\":\"https:\\\/\\\/drroch.mx\\\/en\\\/\",\"name\":\"Dr. Roch\",\"description\":\"Neurocient\u00edfico de la Conducta Humana\",\"publisher\":{\"@id\":\"https:\\\/\\\/drroch.mx\\\/en\\\/#organization\"},\"potentialAction\":[{\"@type\":\"SearchAction\",\"target\":{\"@type\":\"EntryPoint\",\"urlTemplate\":\"https:\\\/\\\/drroch.mx\\\/en\\\/?s={search_term_string}\"},\"query-input\":{\"@type\":\"PropertyValueSpecification\",\"valueRequired\":true,\"valueName\":\"search_term_string\"}}],\"inLanguage\":\"en-US\"},{\"@type\":\"Organization\",\"@id\":\"https:\\\/\\\/drroch.mx\\\/en\\\/#organization\",\"name\":\"Dr. Roch\",\"url\":\"https:\\\/\\\/drroch.mx\\\/en\\\/\",\"logo\":{\"@type\":\"ImageObject\",\"inLanguage\":\"en-US\",\"@id\":\"https:\\\/\\\/drroch.mx\\\/en\\\/#\\\/schema\\\/logo\\\/image\\\/\",\"url\":\"https:\\\/\\\/drroch.mx\\\/wp-content\\\/uploads\\\/2024\\\/08\\\/logo_shadow.png\",\"contentUrl\":\"https:\\\/\\\/drroch.mx\\\/wp-content\\\/uploads\\\/2024\\\/08\\\/logo_shadow.png\",\"width\":480,\"height\":208,\"caption\":\"Dr. Roch\"},\"image\":{\"@id\":\"https:\\\/\\\/drroch.mx\\\/en\\\/#\\\/schema\\\/logo\\\/image\\\/\"},\"sameAs\":[\"https:\\\/\\\/www.facebook.com\\\/DrRochOficial\\\/\",\"https:\\\/\\\/x.com\\\/drrochoficial\",\"https:\\\/\\\/www.instagram.com\\\/drrochoficial\\\/\",\"https:\\\/\\\/www.youtube.com\\\/c\\\/DrRochOficial\",\"https:\\\/\\\/www.tiktok.com\\\/@drrochoficial\"]}]}<\/script>\n<!-- \/ Yoast SEO plugin. -->","yoast_head_json":{"title":"Mia and Max: The Scam for Kids (Digital Format) - Dr. Roch","robots":{"index":"index","follow":"follow","max-snippet":"max-snippet:-1","max-image-preview":"max-image-preview:large","max-video-preview":"max-video-preview:-1"},"canonical":"https:\/\/drroch.mx\/en\/product\/mia-y-max-el-timo-para-ninos-formato-digital\/","og_locale":"en_US","og_type":"article","og_title":"M\u00eda y Max: El Timo para Ni\u00f1os (Formato digital) - Dr. Roch","og_description":"Bienvenido. Hoy vas a conocer a dos compa\u00f1eros muy especiales: Max y M\u00eda. Max representa esa parte de nosotros que, a veces, se confunde, se enoja, duda o se siente menos. Es nuestra mente: inquieta, l\u00f3gica, preocupada por entender el mundo, pero que a veces, sin querer, nos enga\u00f1a, inventa problemas donde no los hay o nos hace sentir peque\u00f1os ante los retos. M\u00eda, en cambio, representa algo mucho m\u00e1s profundo: el timo, esa parte sabia que todos llevamos dentro, incluso desde antes de hablar o caminar. Ella es la voz interior que susurra con calma que la fuerza, la alegr\u00eda, la esperanza y la capacidad de superar cualquier situaci\u00f3n ya viven dentro de nosotros.  A lo largo de estas seis historias, ver\u00e1s a Max enfrentar momentos reales de la vida: d\u00edas en que decir la verdad cuesta, instantes donde la tristeza se asoma, errores que parecen enormes y cambios que llegan sin avisar. Pero tambi\u00e9n ver\u00e1 c\u00f3mo M\u00eda, con suavidad y sabidur\u00eda, le recuerda que la realidad  no siempre se puede cambiar, pero s\u00ed la forma en que la miramos. Porque lo que realmente importa no es lo que nos sucede, sino lo que decidimos hacer con eso.","og_url":"https:\/\/drroch.mx\/en\/product\/mia-y-max-el-timo-para-ninos-formato-digital\/","og_site_name":"Dr. Roch","article_publisher":"https:\/\/www.facebook.com\/DrRochOficial\/","article_modified_time":"2026-04-08T18:04:33+00:00","og_image":[{"width":960,"height":960,"url":"https:\/\/drroch.mx\/wp-content\/uploads\/2025\/06\/Free_iPad_Mockup_1.jpg","type":"image\/jpeg"}],"twitter_card":"summary_large_image","twitter_site":"@drrochoficial","twitter_misc":{"Est. reading time":"2 minutes"},"schema":{"@context":"https:\/\/schema.org","@graph":[{"@type":"WebPage","@id":"https:\/\/drroch.mx\/producto\/mia-y-max-el-timo-para-ninos-formato-digital\/","url":"https:\/\/drroch.mx\/producto\/mia-y-max-el-timo-para-ninos-formato-digital\/","name":"Mia and Max: The Scam for Kids (Digital Format) - Dr. Roch","isPartOf":{"@id":"https:\/\/drroch.mx\/en\/#website"},"primaryImageOfPage":{"@id":"https:\/\/drroch.mx\/producto\/mia-y-max-el-timo-para-ninos-formato-digital\/#primaryimage"},"image":{"@id":"https:\/\/drroch.mx\/producto\/mia-y-max-el-timo-para-ninos-formato-digital\/#primaryimage"},"thumbnailUrl":"https:\/\/drroch.mx\/wp-content\/uploads\/2025\/06\/Free_iPad_Mockup_1.jpg","datePublished":"2025-06-16T14:57:40+00:00","dateModified":"2026-04-08T18:04:33+00:00","breadcrumb":{"@id":"https:\/\/drroch.mx\/producto\/mia-y-max-el-timo-para-ninos-formato-digital\/#breadcrumb"},"inLanguage":"en-US","potentialAction":[{"@type":"ReadAction","target":["https:\/\/drroch.mx\/producto\/mia-y-max-el-timo-para-ninos-formato-digital\/"]}]},{"@type":"ImageObject","inLanguage":"en-US","@id":"https:\/\/drroch.mx\/producto\/mia-y-max-el-timo-para-ninos-formato-digital\/#primaryimage","url":"https:\/\/drroch.mx\/wp-content\/uploads\/2025\/06\/Free_iPad_Mockup_1.jpg","contentUrl":"https:\/\/drroch.mx\/wp-content\/uploads\/2025\/06\/Free_iPad_Mockup_1.jpg","width":960,"height":960},{"@type":"BreadcrumbList","@id":"https:\/\/drroch.mx\/producto\/mia-y-max-el-timo-para-ninos-formato-digital\/#breadcrumb","itemListElement":[{"@type":"ListItem","position":1,"name":"Inicio","item":"https:\/\/drroch.mx\/"},{"@type":"ListItem","position":2,"name":"M\u00eda y Max: El Timo para Ni\u00f1os (Formato digital)"}]},{"@type":"WebSite","@id":"https:\/\/drroch.mx\/en\/#website","url":"https:\/\/drroch.mx\/en\/","name":"Dr. Roch","description":"Neuroscientist in Human Behaviour","publisher":{"@id":"https:\/\/drroch.mx\/en\/#organization"},"potentialAction":[{"@type":"SearchAction","target":{"@type":"EntryPoint","urlTemplate":"https:\/\/drroch.mx\/en\/?s={search_term_string}"},"query-input":{"@type":"PropertyValueSpecification","valueRequired":true,"valueName":"search_term_string"}}],"inLanguage":"en-US"},{"@type":"Organization","@id":"https:\/\/drroch.mx\/en\/#organization","name":"Dr. Roch","url":"https:\/\/drroch.mx\/en\/","logo":{"@type":"ImageObject","inLanguage":"en-US","@id":"https:\/\/drroch.mx\/en\/#\/schema\/logo\/image\/","url":"https:\/\/drroch.mx\/wp-content\/uploads\/2024\/08\/logo_shadow.png","contentUrl":"https:\/\/drroch.mx\/wp-content\/uploads\/2024\/08\/logo_shadow.png","width":480,"height":208,"caption":"Dr. Roch"},"image":{"@id":"https:\/\/drroch.mx\/en\/#\/schema\/logo\/image\/"},"sameAs":["https:\/\/www.facebook.com\/DrRochOficial\/","https:\/\/x.com\/drrochoficial","https:\/\/www.instagram.com\/drrochoficial\/","https:\/\/www.youtube.com\/c\/DrRochOficial","https:\/\/www.tiktok.com\/@drrochoficial"]}]}},"_links":{"self":[{"href":"https:\/\/drroch.mx\/en\/wp-json\/wp\/v2\/product\/9969","targetHints":{"allow":["GET"]}}],"collection":[{"href":"https:\/\/drroch.mx\/en\/wp-json\/wp\/v2\/product"}],"about":[{"href":"https:\/\/drroch.mx\/en\/wp-json\/wp\/v2\/types\/product"}],"wp:featuredmedia":[{"embeddable":true,"href":"https:\/\/drroch.mx\/en\/wp-json\/wp\/v2\/media\/9971"}],"wp:attachment":[{"href":"https:\/\/drroch.mx\/en\/wp-json\/wp\/v2\/media?parent=9969"}],"wp:term":[{"taxonomy":"product_brand","embeddable":true,"href":"https:\/\/drroch.mx\/en\/wp-json\/wp\/v2\/product_brand?post=9969"},{"taxonomy":"product_cat","embeddable":true,"href":"https:\/\/drroch.mx\/en\/wp-json\/wp\/v2\/product_cat?post=9969"},{"taxonomy":"product_tag","embeddable":true,"href":"https:\/\/drroch.mx\/en\/wp-json\/wp\/v2\/product_tag?post=9969"}],"curies":[{"name":"wp","href":"https:\/\/api.w.org\/{rel}","templated":true}]}}