{"id":9451,"date":"2024-10-22T22:11:20","date_gmt":"2024-10-22T22:11:20","guid":{"rendered":"https:\/\/drroch.mx\/?post_type=product&#038;p=9451"},"modified":"2025-11-14T00:01:40","modified_gmt":"2025-11-14T00:01:40","slug":"la-mano-invisible-del-dinero-digital","status":"publish","type":"product","link":"https:\/\/drroch.mx\/en\/product\/la-mano-invisible-del-dinero-digital\/","title":{"rendered":"SUCCESS: The Invisible Hand of Money"},"content":{"rendered":"<p>In this new issue, Dr. Roch presents us with a revealing work that explores the secrets of money and its influence on our lives. Through clear analysis and striking examples, this book demystifies how the economy works and offers practical tools to take control. Ideal for those who want to understand how money flows in the world and how to take advantage of it to achieve financial freedom. Don&#039;t miss this essential guide to transform your relationship with money!<\/p>","protected":false},"excerpt":{"rendered":"<p>In this new issue, Dr. Roch presents us with a revealing work that explores the secrets of money and its influence on our lives. Through clear analysis and striking examples, this book demystifies how the economy works and offers practical tools to take control. Ideal for those who want to understand how money flows in the world and how to take advantage of it to achieve financial freedom. Don&#039;t miss this essential guide to transform your relationship with money!<\/p>","protected":false},"featured_media":9487,"template":"","meta":[],"product_brand":[],"product_cat":[62],"product_tag":[],"class_list":{"0":"post-9451","1":"product","2":"type-product","3":"status-publish","4":"has-post-thumbnail","6":"product_cat-ebooks-tienda","8":"first","9":"instock","10":"downloadable","11":"virtual","12":"purchasable","13":"product-type-simple"},"yoast_head":"<!-- This site is optimized with the Yoast SEO plugin v27.3 - https:\/\/yoast.com\/product\/yoast-seo-wordpress\/ -->\n<title>\u00c9XITO: La Mano Invisible del Dinero - Dr. Roch<\/title>\n<meta name=\"robots\" content=\"index, follow, max-snippet:-1, max-image-preview:large, max-video-preview:-1\" \/>\n<link rel=\"canonical\" href=\"https:\/\/drroch.mx\/en\/product\/la-mano-invisible-del-dinero-digital\/\" \/>\n<meta property=\"og:locale\" content=\"en_US\" \/>\n<meta property=\"og:type\" content=\"article\" \/>\n<meta property=\"og:title\" content=\"\u00c9XITO: La Mano Invisible del Dinero - Dr. Roch\" \/>\n<meta property=\"og:description\" content=\"En esta nueva entrega, el Dr. Roch nos presenta una obra reveladora que explora los secretos del dinero y su influencia en nuestras vidas. A trav\u00e9s de an\u00e1lisis claros y ejemplos impactantes, este libro desmitifica el funcionamiento de la econom\u00eda y ofrece herramientas pr\u00e1cticas para tomar control. Ideal para quienes desean entender c\u00f3mo fluye el dinero en el mundo y c\u00f3mo aprovecharlo para alcanzar la libertad financiera. \u00a1No te pierdas esta gu\u00eda esencial para transformar tu relaci\u00f3n con el dinero!\" \/>\n<meta property=\"og:url\" content=\"https:\/\/drroch.mx\/en\/product\/la-mano-invisible-del-dinero-digital\/\" \/>\n<meta property=\"og:site_name\" content=\"Dr. Roch\" \/>\n<meta property=\"article:publisher\" content=\"https:\/\/www.facebook.com\/DrRochOficial\/\" \/>\n<meta property=\"article:modified_time\" content=\"2025-11-14T00:01:40+00:00\" \/>\n<meta property=\"og:image\" content=\"https:\/\/drroch.mx\/wp-content\/uploads\/2024\/10\/exito_digital.jpg\" \/>\n\t<meta property=\"og:image:width\" content=\"960\" \/>\n\t<meta property=\"og:image:height\" content=\"960\" \/>\n\t<meta property=\"og:image:type\" content=\"image\/jpeg\" \/>\n<meta name=\"twitter:card\" content=\"summary_large_image\" \/>\n<meta name=\"twitter:site\" content=\"@drrochoficial\" \/>\n<meta name=\"twitter:label1\" content=\"Est. reading time\" \/>\n\t<meta name=\"twitter:data1\" content=\"1 minute\" \/>\n<script type=\"application\/ld+json\" class=\"yoast-schema-graph\">{\"@context\":\"https:\\\/\\\/schema.org\",\"@graph\":[{\"@type\":\"WebPage\",\"@id\":\"https:\\\/\\\/drroch.mx\\\/producto\\\/la-mano-invisible-del-dinero-digital\\\/\",\"url\":\"https:\\\/\\\/drroch.mx\\\/producto\\\/la-mano-invisible-del-dinero-digital\\\/\",\"name\":\"\u00c9XITO: La Mano Invisible del Dinero - Dr. Roch\",\"isPartOf\":{\"@id\":\"https:\\\/\\\/drroch.mx\\\/en\\\/#website\"},\"primaryImageOfPage\":{\"@id\":\"https:\\\/\\\/drroch.mx\\\/producto\\\/la-mano-invisible-del-dinero-digital\\\/#primaryimage\"},\"image\":{\"@id\":\"https:\\\/\\\/drroch.mx\\\/producto\\\/la-mano-invisible-del-dinero-digital\\\/#primaryimage\"},\"thumbnailUrl\":\"https:\\\/\\\/drroch.mx\\\/wp-content\\\/uploads\\\/2024\\\/10\\\/exito_digital.jpg\",\"datePublished\":\"2024-10-22T22:11:20+00:00\",\"dateModified\":\"2025-11-14T00:01:40+00:00\",\"breadcrumb\":{\"@id\":\"https:\\\/\\\/drroch.mx\\\/producto\\\/la-mano-invisible-del-dinero-digital\\\/#breadcrumb\"},\"inLanguage\":\"en-US\",\"potentialAction\":[{\"@type\":\"ReadAction\",\"target\":[\"https:\\\/\\\/drroch.mx\\\/producto\\\/la-mano-invisible-del-dinero-digital\\\/\"]}]},{\"@type\":\"ImageObject\",\"inLanguage\":\"en-US\",\"@id\":\"https:\\\/\\\/drroch.mx\\\/producto\\\/la-mano-invisible-del-dinero-digital\\\/#primaryimage\",\"url\":\"https:\\\/\\\/drroch.mx\\\/wp-content\\\/uploads\\\/2024\\\/10\\\/exito_digital.jpg\",\"contentUrl\":\"https:\\\/\\\/drroch.mx\\\/wp-content\\\/uploads\\\/2024\\\/10\\\/exito_digital.jpg\",\"width\":960,\"height\":960},{\"@type\":\"BreadcrumbList\",\"@id\":\"https:\\\/\\\/drroch.mx\\\/producto\\\/la-mano-invisible-del-dinero-digital\\\/#breadcrumb\",\"itemListElement\":[{\"@type\":\"ListItem\",\"position\":1,\"name\":\"Inicio\",\"item\":\"https:\\\/\\\/drroch.mx\\\/\"},{\"@type\":\"ListItem\",\"position\":2,\"name\":\"\u00c9XITO: La Mano Invisible del Dinero\"}]},{\"@type\":\"WebSite\",\"@id\":\"https:\\\/\\\/drroch.mx\\\/en\\\/#website\",\"url\":\"https:\\\/\\\/drroch.mx\\\/en\\\/\",\"name\":\"Dr. Roch\",\"description\":\"Neurocient\u00edfico de la Conducta Humana\",\"publisher\":{\"@id\":\"https:\\\/\\\/drroch.mx\\\/en\\\/#organization\"},\"potentialAction\":[{\"@type\":\"SearchAction\",\"target\":{\"@type\":\"EntryPoint\",\"urlTemplate\":\"https:\\\/\\\/drroch.mx\\\/en\\\/?s={search_term_string}\"},\"query-input\":{\"@type\":\"PropertyValueSpecification\",\"valueRequired\":true,\"valueName\":\"search_term_string\"}}],\"inLanguage\":\"en-US\"},{\"@type\":\"Organization\",\"@id\":\"https:\\\/\\\/drroch.mx\\\/en\\\/#organization\",\"name\":\"Dr. Roch\",\"url\":\"https:\\\/\\\/drroch.mx\\\/en\\\/\",\"logo\":{\"@type\":\"ImageObject\",\"inLanguage\":\"en-US\",\"@id\":\"https:\\\/\\\/drroch.mx\\\/en\\\/#\\\/schema\\\/logo\\\/image\\\/\",\"url\":\"https:\\\/\\\/drroch.mx\\\/wp-content\\\/uploads\\\/2024\\\/08\\\/logo_shadow.png\",\"contentUrl\":\"https:\\\/\\\/drroch.mx\\\/wp-content\\\/uploads\\\/2024\\\/08\\\/logo_shadow.png\",\"width\":480,\"height\":208,\"caption\":\"Dr. Roch\"},\"image\":{\"@id\":\"https:\\\/\\\/drroch.mx\\\/en\\\/#\\\/schema\\\/logo\\\/image\\\/\"},\"sameAs\":[\"https:\\\/\\\/www.facebook.com\\\/DrRochOficial\\\/\",\"https:\\\/\\\/x.com\\\/drrochoficial\",\"https:\\\/\\\/www.instagram.com\\\/drrochoficial\\\/\",\"https:\\\/\\\/www.youtube.com\\\/c\\\/DrRochOficial\",\"https:\\\/\\\/www.tiktok.com\\\/@drrochoficial\"]}]}<\/script>\n<!-- \/ Yoast SEO plugin. -->","yoast_head_json":{"title":"\u00c9XITO: La Mano Invisible del Dinero - Dr. Roch","robots":{"index":"index","follow":"follow","max-snippet":"max-snippet:-1","max-image-preview":"max-image-preview:large","max-video-preview":"max-video-preview:-1"},"canonical":"https:\/\/drroch.mx\/en\/product\/la-mano-invisible-del-dinero-digital\/","og_locale":"en_US","og_type":"article","og_title":"\u00c9XITO: La Mano Invisible del Dinero - Dr. Roch","og_description":"En esta nueva entrega, el Dr. Roch nos presenta una obra reveladora que explora los secretos del dinero y su influencia en nuestras vidas. A trav\u00e9s de an\u00e1lisis claros y ejemplos impactantes, este libro desmitifica el funcionamiento de la econom\u00eda y ofrece herramientas pr\u00e1cticas para tomar control. Ideal para quienes desean entender c\u00f3mo fluye el dinero en el mundo y c\u00f3mo aprovecharlo para alcanzar la libertad financiera. \u00a1No te pierdas esta gu\u00eda esencial para transformar tu relaci\u00f3n con el dinero!","og_url":"https:\/\/drroch.mx\/en\/product\/la-mano-invisible-del-dinero-digital\/","og_site_name":"Dr. Roch","article_publisher":"https:\/\/www.facebook.com\/DrRochOficial\/","article_modified_time":"2025-11-14T00:01:40+00:00","og_image":[{"width":960,"height":960,"url":"https:\/\/drroch.mx\/wp-content\/uploads\/2024\/10\/exito_digital.jpg","type":"image\/jpeg"}],"twitter_card":"summary_large_image","twitter_site":"@drrochoficial","twitter_misc":{"Est. reading time":"1 minute"},"schema":{"@context":"https:\/\/schema.org","@graph":[{"@type":"WebPage","@id":"https:\/\/drroch.mx\/producto\/la-mano-invisible-del-dinero-digital\/","url":"https:\/\/drroch.mx\/producto\/la-mano-invisible-del-dinero-digital\/","name":"\u00c9XITO: La Mano Invisible del Dinero - Dr. Roch","isPartOf":{"@id":"https:\/\/drroch.mx\/en\/#website"},"primaryImageOfPage":{"@id":"https:\/\/drroch.mx\/producto\/la-mano-invisible-del-dinero-digital\/#primaryimage"},"image":{"@id":"https:\/\/drroch.mx\/producto\/la-mano-invisible-del-dinero-digital\/#primaryimage"},"thumbnailUrl":"https:\/\/drroch.mx\/wp-content\/uploads\/2024\/10\/exito_digital.jpg","datePublished":"2024-10-22T22:11:20+00:00","dateModified":"2025-11-14T00:01:40+00:00","breadcrumb":{"@id":"https:\/\/drroch.mx\/producto\/la-mano-invisible-del-dinero-digital\/#breadcrumb"},"inLanguage":"en-US","potentialAction":[{"@type":"ReadAction","target":["https:\/\/drroch.mx\/producto\/la-mano-invisible-del-dinero-digital\/"]}]},{"@type":"ImageObject","inLanguage":"en-US","@id":"https:\/\/drroch.mx\/producto\/la-mano-invisible-del-dinero-digital\/#primaryimage","url":"https:\/\/drroch.mx\/wp-content\/uploads\/2024\/10\/exito_digital.jpg","contentUrl":"https:\/\/drroch.mx\/wp-content\/uploads\/2024\/10\/exito_digital.jpg","width":960,"height":960},{"@type":"BreadcrumbList","@id":"https:\/\/drroch.mx\/producto\/la-mano-invisible-del-dinero-digital\/#breadcrumb","itemListElement":[{"@type":"ListItem","position":1,"name":"Inicio","item":"https:\/\/drroch.mx\/"},{"@type":"ListItem","position":2,"name":"\u00c9XITO: La Mano Invisible del Dinero"}]},{"@type":"WebSite","@id":"https:\/\/drroch.mx\/en\/#website","url":"https:\/\/drroch.mx\/en\/","name":"Dr. Roch","description":"Neuroscientist in Human Behaviour","publisher":{"@id":"https:\/\/drroch.mx\/en\/#organization"},"potentialAction":[{"@type":"SearchAction","target":{"@type":"EntryPoint","urlTemplate":"https:\/\/drroch.mx\/en\/?s={search_term_string}"},"query-input":{"@type":"PropertyValueSpecification","valueRequired":true,"valueName":"search_term_string"}}],"inLanguage":"en-US"},{"@type":"Organization","@id":"https:\/\/drroch.mx\/en\/#organization","name":"Dr. Roch","url":"https:\/\/drroch.mx\/en\/","logo":{"@type":"ImageObject","inLanguage":"en-US","@id":"https:\/\/drroch.mx\/en\/#\/schema\/logo\/image\/","url":"https:\/\/drroch.mx\/wp-content\/uploads\/2024\/08\/logo_shadow.png","contentUrl":"https:\/\/drroch.mx\/wp-content\/uploads\/2024\/08\/logo_shadow.png","width":480,"height":208,"caption":"Dr. Roch"},"image":{"@id":"https:\/\/drroch.mx\/en\/#\/schema\/logo\/image\/"},"sameAs":["https:\/\/www.facebook.com\/DrRochOficial\/","https:\/\/x.com\/drrochoficial","https:\/\/www.instagram.com\/drrochoficial\/","https:\/\/www.youtube.com\/c\/DrRochOficial","https:\/\/www.tiktok.com\/@drrochoficial"]}]}},"_links":{"self":[{"href":"https:\/\/drroch.mx\/en\/wp-json\/wp\/v2\/product\/9451","targetHints":{"allow":["GET"]}}],"collection":[{"href":"https:\/\/drroch.mx\/en\/wp-json\/wp\/v2\/product"}],"about":[{"href":"https:\/\/drroch.mx\/en\/wp-json\/wp\/v2\/types\/product"}],"wp:featuredmedia":[{"embeddable":true,"href":"https:\/\/drroch.mx\/en\/wp-json\/wp\/v2\/media\/9487"}],"wp:attachment":[{"href":"https:\/\/drroch.mx\/en\/wp-json\/wp\/v2\/media?parent=9451"}],"wp:term":[{"taxonomy":"product_brand","embeddable":true,"href":"https:\/\/drroch.mx\/en\/wp-json\/wp\/v2\/product_brand?post=9451"},{"taxonomy":"product_cat","embeddable":true,"href":"https:\/\/drroch.mx\/en\/wp-json\/wp\/v2\/product_cat?post=9451"},{"taxonomy":"product_tag","embeddable":true,"href":"https:\/\/drroch.mx\/en\/wp-json\/wp\/v2\/product_tag?post=9451"}],"curies":[{"name":"wp","href":"https:\/\/api.w.org\/{rel}","templated":true}]}}