{"id":7478,"date":"2023-05-29T16:53:12","date_gmt":"2023-05-29T16:53:12","guid":{"rendered":"https:\/\/drroch.mx\/?post_type=product&#038;p=7478"},"modified":"2025-10-10T16:13:49","modified_gmt":"2025-10-10T16:13:49","slug":"relaciones-desnudas-la-experiencia","status":"publish","type":"product","link":"https:\/\/drroch.mx\/en\/product\/relaciones-desnudas-la-experiencia\/","title":{"rendered":"Naked Relationships \u2013 The Experience"},"content":{"rendered":"<p>We are in an age of people who are unable to have empathy and to know how to connect with themselves and with others due to emotional weakness or fragility. We have a lot of information in our heads and on social networks and other electronic media, but our emotional management of it is very poor and immature. This disproportion generates high expectations, excessive ambition and desperation. Emotional immaturity has resulted in a number of people with self-esteem problems, depression and hypersensitivity.<\/p>\n<p>We do not come to learn or succeed, we come to live the experience of discovering who we are and trusting our wise self. You cannot successfully navigate through challenges that are ever greater than what the mind can consider handling by giving a double and it must be watered down, even the truth.<\/p>","protected":false},"excerpt":{"rendered":"<p>We are in an age of people who are unable to have empathy and to know how to connect with themselves and with others due to emotional weakness or fragility. We have a lot of information in our heads and on social networks and other electronic media, but our emotional management of it is very poor and immature. This disproportion generates high expectations, excessive ambition and desperation. Emotional immaturity has resulted in a number of people with self-esteem problems, depression and hypersensitivity.<\/p>\n<p>We do not come to learn or succeed, we come to live the experience of discovering who we are and trusting our wise self. You cannot successfully navigate through challenges that are ever greater than what the mind can consider handling by giving a double and it must be watered down, even the truth.<\/p>","protected":false},"featured_media":10127,"template":"","meta":[],"product_brand":[],"product_cat":[63,66],"product_tag":[],"class_list":{"0":"post-7478","1":"product","2":"type-product","3":"status-publish","4":"has-post-thumbnail","6":"product_cat-cursos-tienda","7":"product_cat-tienda-2020","9":"first","10":"instock","11":"virtual","12":"purchasable","13":"product-type-simple"},"yoast_head":"<!-- This site is optimized with the Yoast SEO plugin v27.3 - https:\/\/yoast.com\/product\/yoast-seo-wordpress\/ -->\n<title>Relaciones Desnudas - La Experiencia - Dr. Roch<\/title>\n<meta name=\"robots\" content=\"index, follow, max-snippet:-1, max-image-preview:large, max-video-preview:-1\" \/>\n<link rel=\"canonical\" href=\"https:\/\/drroch.mx\/en\/product\/relaciones-desnudas-la-experiencia\/\" \/>\n<meta property=\"og:locale\" content=\"en_US\" \/>\n<meta property=\"og:type\" content=\"article\" \/>\n<meta property=\"og:title\" content=\"Relaciones Desnudas - La Experiencia - Dr. Roch\" \/>\n<meta property=\"og:description\" content=\"Estamos en una \u00e9poca de gente incapaz de tener empat\u00eda y saber conectar consigo mismo y con los dem\u00e1s debido a la debilidad o fragilidad emocional. Contamos con un gran contenido de informaci\u00f3n en la cabeza y en las redes sociales y en otros medios electr\u00f3nicos, pero el manejo emocional de la misma muy pobre e inmaduro. Esta desproporci\u00f3n genera altas expectativas, ambici\u00f3n desmedida y desesperaci\u00f3n. La inmadurez emocional ha dado como consecuencia a una serie de personas con problemas de autoestima, depresi\u00f3n e hipersensibilidad.  No venimos a aprender ni a triunfar, venimos a vivir la experiencia de descubrir quienes somos y confiar en nuestro ser sabio. No se puede dirigir con \u00e9xito a trav\u00e9s de desaf\u00edos que son cada vez mayores a los que la mente puede considerar como manejar otorgando un doble y debe ser suavizado, inclusive la verdad.\" \/>\n<meta property=\"og:url\" content=\"https:\/\/drroch.mx\/en\/product\/relaciones-desnudas-la-experiencia\/\" \/>\n<meta property=\"og:site_name\" content=\"Dr. Roch\" \/>\n<meta property=\"article:publisher\" content=\"https:\/\/www.facebook.com\/DrRochOficial\/\" \/>\n<meta property=\"article:modified_time\" content=\"2025-10-10T16:13:49+00:00\" \/>\n<meta property=\"og:image\" content=\"https:\/\/drroch.mx\/wp-content\/uploads\/2025\/09\/bannerRD0925.jpg\" \/>\n\t<meta property=\"og:image:width\" content=\"1920\" \/>\n\t<meta property=\"og:image:height\" content=\"960\" \/>\n\t<meta property=\"og:image:type\" content=\"image\/jpeg\" \/>\n<meta name=\"twitter:card\" content=\"summary_large_image\" \/>\n<meta name=\"twitter:site\" content=\"@drrochoficial\" \/>\n<meta name=\"twitter:label1\" content=\"Est. reading time\" \/>\n\t<meta name=\"twitter:data1\" content=\"1 minute\" \/>\n<script type=\"application\/ld+json\" class=\"yoast-schema-graph\">{\"@context\":\"https:\\\/\\\/schema.org\",\"@graph\":[{\"@type\":\"WebPage\",\"@id\":\"https:\\\/\\\/drroch.mx\\\/producto\\\/relaciones-desnudas-la-experiencia\\\/\",\"url\":\"https:\\\/\\\/drroch.mx\\\/producto\\\/relaciones-desnudas-la-experiencia\\\/\",\"name\":\"Relaciones Desnudas - La Experiencia - Dr. Roch\",\"isPartOf\":{\"@id\":\"https:\\\/\\\/drroch.mx\\\/en\\\/#website\"},\"primaryImageOfPage\":{\"@id\":\"https:\\\/\\\/drroch.mx\\\/producto\\\/relaciones-desnudas-la-experiencia\\\/#primaryimage\"},\"image\":{\"@id\":\"https:\\\/\\\/drroch.mx\\\/producto\\\/relaciones-desnudas-la-experiencia\\\/#primaryimage\"},\"thumbnailUrl\":\"https:\\\/\\\/drroch.mx\\\/wp-content\\\/uploads\\\/2025\\\/09\\\/bannerRD0925.jpg\",\"datePublished\":\"2023-05-29T16:53:12+00:00\",\"dateModified\":\"2025-10-10T16:13:49+00:00\",\"breadcrumb\":{\"@id\":\"https:\\\/\\\/drroch.mx\\\/producto\\\/relaciones-desnudas-la-experiencia\\\/#breadcrumb\"},\"inLanguage\":\"en-US\",\"potentialAction\":[{\"@type\":\"ReadAction\",\"target\":[\"https:\\\/\\\/drroch.mx\\\/producto\\\/relaciones-desnudas-la-experiencia\\\/\"]}]},{\"@type\":\"ImageObject\",\"inLanguage\":\"en-US\",\"@id\":\"https:\\\/\\\/drroch.mx\\\/producto\\\/relaciones-desnudas-la-experiencia\\\/#primaryimage\",\"url\":\"https:\\\/\\\/drroch.mx\\\/wp-content\\\/uploads\\\/2025\\\/09\\\/bannerRD0925.jpg\",\"contentUrl\":\"https:\\\/\\\/drroch.mx\\\/wp-content\\\/uploads\\\/2025\\\/09\\\/bannerRD0925.jpg\",\"width\":1920,\"height\":960},{\"@type\":\"BreadcrumbList\",\"@id\":\"https:\\\/\\\/drroch.mx\\\/producto\\\/relaciones-desnudas-la-experiencia\\\/#breadcrumb\",\"itemListElement\":[{\"@type\":\"ListItem\",\"position\":1,\"name\":\"Inicio\",\"item\":\"https:\\\/\\\/drroch.mx\\\/\"},{\"@type\":\"ListItem\",\"position\":2,\"name\":\"Relaciones Desnudas &#8211; La Experiencia\"}]},{\"@type\":\"WebSite\",\"@id\":\"https:\\\/\\\/drroch.mx\\\/en\\\/#website\",\"url\":\"https:\\\/\\\/drroch.mx\\\/en\\\/\",\"name\":\"Dr. Roch\",\"description\":\"Neurocient\u00edfico de la Conducta Humana\",\"publisher\":{\"@id\":\"https:\\\/\\\/drroch.mx\\\/en\\\/#organization\"},\"potentialAction\":[{\"@type\":\"SearchAction\",\"target\":{\"@type\":\"EntryPoint\",\"urlTemplate\":\"https:\\\/\\\/drroch.mx\\\/en\\\/?s={search_term_string}\"},\"query-input\":{\"@type\":\"PropertyValueSpecification\",\"valueRequired\":true,\"valueName\":\"search_term_string\"}}],\"inLanguage\":\"en-US\"},{\"@type\":\"Organization\",\"@id\":\"https:\\\/\\\/drroch.mx\\\/en\\\/#organization\",\"name\":\"Dr. Roch\",\"url\":\"https:\\\/\\\/drroch.mx\\\/en\\\/\",\"logo\":{\"@type\":\"ImageObject\",\"inLanguage\":\"en-US\",\"@id\":\"https:\\\/\\\/drroch.mx\\\/en\\\/#\\\/schema\\\/logo\\\/image\\\/\",\"url\":\"https:\\\/\\\/drroch.mx\\\/wp-content\\\/uploads\\\/2024\\\/08\\\/logo_shadow.png\",\"contentUrl\":\"https:\\\/\\\/drroch.mx\\\/wp-content\\\/uploads\\\/2024\\\/08\\\/logo_shadow.png\",\"width\":480,\"height\":208,\"caption\":\"Dr. Roch\"},\"image\":{\"@id\":\"https:\\\/\\\/drroch.mx\\\/en\\\/#\\\/schema\\\/logo\\\/image\\\/\"},\"sameAs\":[\"https:\\\/\\\/www.facebook.com\\\/DrRochOficial\\\/\",\"https:\\\/\\\/x.com\\\/drrochoficial\",\"https:\\\/\\\/www.instagram.com\\\/drrochoficial\\\/\",\"https:\\\/\\\/www.youtube.com\\\/c\\\/DrRochOficial\",\"https:\\\/\\\/www.tiktok.com\\\/@drrochoficial\"]}]}<\/script>\n<!-- \/ Yoast SEO plugin. -->","yoast_head_json":{"title":"Relaciones Desnudas - La Experiencia - Dr. Roch","robots":{"index":"index","follow":"follow","max-snippet":"max-snippet:-1","max-image-preview":"max-image-preview:large","max-video-preview":"max-video-preview:-1"},"canonical":"https:\/\/drroch.mx\/en\/product\/relaciones-desnudas-la-experiencia\/","og_locale":"en_US","og_type":"article","og_title":"Relaciones Desnudas - La Experiencia - Dr. Roch","og_description":"Estamos en una \u00e9poca de gente incapaz de tener empat\u00eda y saber conectar consigo mismo y con los dem\u00e1s debido a la debilidad o fragilidad emocional. Contamos con un gran contenido de informaci\u00f3n en la cabeza y en las redes sociales y en otros medios electr\u00f3nicos, pero el manejo emocional de la misma muy pobre e inmaduro. Esta desproporci\u00f3n genera altas expectativas, ambici\u00f3n desmedida y desesperaci\u00f3n. La inmadurez emocional ha dado como consecuencia a una serie de personas con problemas de autoestima, depresi\u00f3n e hipersensibilidad.  No venimos a aprender ni a triunfar, venimos a vivir la experiencia de descubrir quienes somos y confiar en nuestro ser sabio. No se puede dirigir con \u00e9xito a trav\u00e9s de desaf\u00edos que son cada vez mayores a los que la mente puede considerar como manejar otorgando un doble y debe ser suavizado, inclusive la verdad.","og_url":"https:\/\/drroch.mx\/en\/product\/relaciones-desnudas-la-experiencia\/","og_site_name":"Dr. Roch","article_publisher":"https:\/\/www.facebook.com\/DrRochOficial\/","article_modified_time":"2025-10-10T16:13:49+00:00","og_image":[{"width":1920,"height":960,"url":"https:\/\/drroch.mx\/wp-content\/uploads\/2025\/09\/bannerRD0925.jpg","type":"image\/jpeg"}],"twitter_card":"summary_large_image","twitter_site":"@drrochoficial","twitter_misc":{"Est. reading time":"1 minute"},"schema":{"@context":"https:\/\/schema.org","@graph":[{"@type":"WebPage","@id":"https:\/\/drroch.mx\/producto\/relaciones-desnudas-la-experiencia\/","url":"https:\/\/drroch.mx\/producto\/relaciones-desnudas-la-experiencia\/","name":"Relaciones Desnudas - La Experiencia - Dr. Roch","isPartOf":{"@id":"https:\/\/drroch.mx\/en\/#website"},"primaryImageOfPage":{"@id":"https:\/\/drroch.mx\/producto\/relaciones-desnudas-la-experiencia\/#primaryimage"},"image":{"@id":"https:\/\/drroch.mx\/producto\/relaciones-desnudas-la-experiencia\/#primaryimage"},"thumbnailUrl":"https:\/\/drroch.mx\/wp-content\/uploads\/2025\/09\/bannerRD0925.jpg","datePublished":"2023-05-29T16:53:12+00:00","dateModified":"2025-10-10T16:13:49+00:00","breadcrumb":{"@id":"https:\/\/drroch.mx\/producto\/relaciones-desnudas-la-experiencia\/#breadcrumb"},"inLanguage":"en-US","potentialAction":[{"@type":"ReadAction","target":["https:\/\/drroch.mx\/producto\/relaciones-desnudas-la-experiencia\/"]}]},{"@type":"ImageObject","inLanguage":"en-US","@id":"https:\/\/drroch.mx\/producto\/relaciones-desnudas-la-experiencia\/#primaryimage","url":"https:\/\/drroch.mx\/wp-content\/uploads\/2025\/09\/bannerRD0925.jpg","contentUrl":"https:\/\/drroch.mx\/wp-content\/uploads\/2025\/09\/bannerRD0925.jpg","width":1920,"height":960},{"@type":"BreadcrumbList","@id":"https:\/\/drroch.mx\/producto\/relaciones-desnudas-la-experiencia\/#breadcrumb","itemListElement":[{"@type":"ListItem","position":1,"name":"Inicio","item":"https:\/\/drroch.mx\/"},{"@type":"ListItem","position":2,"name":"Relaciones Desnudas &#8211; La Experiencia"}]},{"@type":"WebSite","@id":"https:\/\/drroch.mx\/en\/#website","url":"https:\/\/drroch.mx\/en\/","name":"Dr. Roch","description":"Neuroscientist in Human Behaviour","publisher":{"@id":"https:\/\/drroch.mx\/en\/#organization"},"potentialAction":[{"@type":"SearchAction","target":{"@type":"EntryPoint","urlTemplate":"https:\/\/drroch.mx\/en\/?s={search_term_string}"},"query-input":{"@type":"PropertyValueSpecification","valueRequired":true,"valueName":"search_term_string"}}],"inLanguage":"en-US"},{"@type":"Organization","@id":"https:\/\/drroch.mx\/en\/#organization","name":"Dr. Roch","url":"https:\/\/drroch.mx\/en\/","logo":{"@type":"ImageObject","inLanguage":"en-US","@id":"https:\/\/drroch.mx\/en\/#\/schema\/logo\/image\/","url":"https:\/\/drroch.mx\/wp-content\/uploads\/2024\/08\/logo_shadow.png","contentUrl":"https:\/\/drroch.mx\/wp-content\/uploads\/2024\/08\/logo_shadow.png","width":480,"height":208,"caption":"Dr. Roch"},"image":{"@id":"https:\/\/drroch.mx\/en\/#\/schema\/logo\/image\/"},"sameAs":["https:\/\/www.facebook.com\/DrRochOficial\/","https:\/\/x.com\/drrochoficial","https:\/\/www.instagram.com\/drrochoficial\/","https:\/\/www.youtube.com\/c\/DrRochOficial","https:\/\/www.tiktok.com\/@drrochoficial"]}]}},"_links":{"self":[{"href":"https:\/\/drroch.mx\/en\/wp-json\/wp\/v2\/product\/7478","targetHints":{"allow":["GET"]}}],"collection":[{"href":"https:\/\/drroch.mx\/en\/wp-json\/wp\/v2\/product"}],"about":[{"href":"https:\/\/drroch.mx\/en\/wp-json\/wp\/v2\/types\/product"}],"wp:featuredmedia":[{"embeddable":true,"href":"https:\/\/drroch.mx\/en\/wp-json\/wp\/v2\/media\/10127"}],"wp:attachment":[{"href":"https:\/\/drroch.mx\/en\/wp-json\/wp\/v2\/media?parent=7478"}],"wp:term":[{"taxonomy":"product_brand","embeddable":true,"href":"https:\/\/drroch.mx\/en\/wp-json\/wp\/v2\/product_brand?post=7478"},{"taxonomy":"product_cat","embeddable":true,"href":"https:\/\/drroch.mx\/en\/wp-json\/wp\/v2\/product_cat?post=7478"},{"taxonomy":"product_tag","embeddable":true,"href":"https:\/\/drroch.mx\/en\/wp-json\/wp\/v2\/product_tag?post=7478"}],"curies":[{"name":"wp","href":"https:\/\/api.w.org\/{rel}","templated":true}]}}