{"id":5861,"date":"2021-09-18T16:11:05","date_gmt":"2021-09-18T16:11:05","guid":{"rendered":"https:\/\/drroch.mx\/?post_type=product&#038;p=5861"},"modified":"2026-04-10T01:34:19","modified_gmt":"2026-04-10T01:34:19","slug":"el-timo-fabrica-de-milagros-formato-fisico","status":"publish","type":"product","link":"https:\/\/drroch.mx\/en\/product\/el-timo-fabrica-de-milagros-formato-fisico\/","title":{"rendered":"The Thymus: Miracle Factory (Physical Format)"},"content":{"rendered":"<p>The protagonist of this book is the thymus, the gland that protects us. The content of its pages is the exposition of its definition, its miraculous function and the way in which you could activate it in yourself. It is a reflection on extraordinary men who connected with their thymus, as well as on the dominant thoughts that preside over us. Each chapter is an invitation for you to discover the power of this vital force, to use it to make a better reading of reality and, based on this, contribute to your well-being and that of humanity. In essence, it is a proposal for all those people who want to make the leap from the possible to the impossible. You should know that this work is not of an intellectual nature, it is pragmatic, physical, mental and spiritual, just like the thymus.<\/p>","protected":false},"excerpt":{"rendered":"<p>The protagonist of this book is the thymus, the gland that protects us. The content of its pages is the exposition of its definition, its miraculous function and the way in which you could activate it in yourself. It is a reflection on extraordinary men who connected with their thymus, as well as on the dominant thoughts that preside over us. Each chapter is an invitation for you to discover the power of this vital force, to use it to make a better reading of reality and, based on this, contribute to your well-being and that of humanity. In essence, it is a proposal for all those people who want to make the leap from the possible to the impossible. You should know that this work is not of an intellectual nature, it is pragmatic, physical, mental and spiritual, just like the thymus.<\/p>","protected":false},"featured_media":9243,"template":"","meta":[],"product_brand":[],"product_cat":[71,60,61,66],"product_tag":[],"class_list":{"0":"post-5861","1":"product","2":"type-product","3":"status-publish","4":"has-post-thumbnail","6":"product_cat-fisicos","7":"product_cat-libros-tienda","8":"product_cat-productos-destacados","9":"product_cat-tienda-2020","11":"first","12":"instock","13":"shipping-taxable","14":"purchasable","15":"product-type-simple"},"yoast_head":"<!-- This site is optimized with the Yoast SEO plugin v27.3 - https:\/\/yoast.com\/product\/yoast-seo-wordpress\/ -->\n<title>El Timo: F\u00e1brica de Milagros (Formato f\u00edsico) - Dr. Roch<\/title>\n<meta name=\"robots\" content=\"index, follow, max-snippet:-1, max-image-preview:large, max-video-preview:-1\" \/>\n<link rel=\"canonical\" href=\"https:\/\/drroch.mx\/en\/product\/el-timo-fabrica-de-milagros-formato-fisico\/\" \/>\n<meta property=\"og:locale\" content=\"en_US\" \/>\n<meta property=\"og:type\" content=\"article\" \/>\n<meta property=\"og:title\" content=\"El Timo: F\u00e1brica de Milagros (Formato f\u00edsico) - Dr. Roch\" \/>\n<meta property=\"og:description\" content=\"El protagonista de este libro es el timo, la gl\u00e1ndula que nos protege. El contenido de sus p\u00e1ginas es la exposici\u00f3n de su definici\u00f3n, su funci\u00f3n milagrosa y la manera c\u00f3mo podr\u00edas activarlo en ti. Es una reflexi\u00f3n sobre hombres extraordinarios que conectaron con su timo, asimismo sobre los pensamientos dominantes que nos presiden. Cada cap\u00edtulo es una invitaci\u00f3n a que descubras el poder de esta fuerza vital, que la uses para hacer una mejor lectura de la realidad y en funci\u00f3n de ello contribuir con tu bienestar y el de la humanidad. En esencia es una propuesta para todas aquellas personas que quieran dar el brinco de lo posible a lo imposible. Debes saberlo, esta obra no es de car\u00e1cter intelectual, es pragm\u00e1tica, f\u00edsica, mental y espiritual, as\u00ed como el timo.\" \/>\n<meta property=\"og:url\" content=\"https:\/\/drroch.mx\/en\/product\/el-timo-fabrica-de-milagros-formato-fisico\/\" \/>\n<meta property=\"og:site_name\" content=\"Dr. Roch\" \/>\n<meta property=\"article:publisher\" content=\"https:\/\/www.facebook.com\/DrRochOficial\/\" \/>\n<meta property=\"article:modified_time\" content=\"2026-04-10T01:34:19+00:00\" \/>\n<meta property=\"og:image\" content=\"https:\/\/drroch.mx\/wp-content\/uploads\/2020\/03\/timo.jpg\" \/>\n\t<meta property=\"og:image:width\" content=\"960\" \/>\n\t<meta property=\"og:image:height\" content=\"960\" \/>\n\t<meta property=\"og:image:type\" content=\"image\/jpeg\" \/>\n<meta name=\"twitter:card\" content=\"summary_large_image\" \/>\n<meta name=\"twitter:site\" content=\"@drrochoficial\" \/>\n<meta name=\"twitter:label1\" content=\"Est. reading time\" \/>\n\t<meta name=\"twitter:data1\" content=\"1 minute\" \/>\n<script type=\"application\/ld+json\" class=\"yoast-schema-graph\">{\"@context\":\"https:\\\/\\\/schema.org\",\"@graph\":[{\"@type\":\"WebPage\",\"@id\":\"https:\\\/\\\/drroch.mx\\\/producto\\\/el-timo-fabrica-de-milagros-formato-fisico\\\/\",\"url\":\"https:\\\/\\\/drroch.mx\\\/producto\\\/el-timo-fabrica-de-milagros-formato-fisico\\\/\",\"name\":\"El Timo: F\u00e1brica de Milagros (Formato f\u00edsico) - Dr. Roch\",\"isPartOf\":{\"@id\":\"https:\\\/\\\/drroch.mx\\\/en\\\/#website\"},\"primaryImageOfPage\":{\"@id\":\"https:\\\/\\\/drroch.mx\\\/producto\\\/el-timo-fabrica-de-milagros-formato-fisico\\\/#primaryimage\"},\"image\":{\"@id\":\"https:\\\/\\\/drroch.mx\\\/producto\\\/el-timo-fabrica-de-milagros-formato-fisico\\\/#primaryimage\"},\"thumbnailUrl\":\"https:\\\/\\\/drroch.mx\\\/wp-content\\\/uploads\\\/2020\\\/03\\\/timo.jpg\",\"datePublished\":\"2021-09-18T16:11:05+00:00\",\"dateModified\":\"2026-04-10T01:34:19+00:00\",\"breadcrumb\":{\"@id\":\"https:\\\/\\\/drroch.mx\\\/producto\\\/el-timo-fabrica-de-milagros-formato-fisico\\\/#breadcrumb\"},\"inLanguage\":\"en-US\",\"potentialAction\":[{\"@type\":\"ReadAction\",\"target\":[\"https:\\\/\\\/drroch.mx\\\/producto\\\/el-timo-fabrica-de-milagros-formato-fisico\\\/\"]}]},{\"@type\":\"ImageObject\",\"inLanguage\":\"en-US\",\"@id\":\"https:\\\/\\\/drroch.mx\\\/producto\\\/el-timo-fabrica-de-milagros-formato-fisico\\\/#primaryimage\",\"url\":\"https:\\\/\\\/drroch.mx\\\/wp-content\\\/uploads\\\/2020\\\/03\\\/timo.jpg\",\"contentUrl\":\"https:\\\/\\\/drroch.mx\\\/wp-content\\\/uploads\\\/2020\\\/03\\\/timo.jpg\",\"width\":960,\"height\":960},{\"@type\":\"BreadcrumbList\",\"@id\":\"https:\\\/\\\/drroch.mx\\\/producto\\\/el-timo-fabrica-de-milagros-formato-fisico\\\/#breadcrumb\",\"itemListElement\":[{\"@type\":\"ListItem\",\"position\":1,\"name\":\"Inicio\",\"item\":\"https:\\\/\\\/drroch.mx\\\/\"},{\"@type\":\"ListItem\",\"position\":2,\"name\":\"El Timo: F\u00e1brica de Milagros (Formato f\u00edsico)\"}]},{\"@type\":\"WebSite\",\"@id\":\"https:\\\/\\\/drroch.mx\\\/en\\\/#website\",\"url\":\"https:\\\/\\\/drroch.mx\\\/en\\\/\",\"name\":\"Dr. Roch\",\"description\":\"Neurocient\u00edfico de la Conducta Humana\",\"publisher\":{\"@id\":\"https:\\\/\\\/drroch.mx\\\/en\\\/#organization\"},\"potentialAction\":[{\"@type\":\"SearchAction\",\"target\":{\"@type\":\"EntryPoint\",\"urlTemplate\":\"https:\\\/\\\/drroch.mx\\\/en\\\/?s={search_term_string}\"},\"query-input\":{\"@type\":\"PropertyValueSpecification\",\"valueRequired\":true,\"valueName\":\"search_term_string\"}}],\"inLanguage\":\"en-US\"},{\"@type\":\"Organization\",\"@id\":\"https:\\\/\\\/drroch.mx\\\/en\\\/#organization\",\"name\":\"Dr. Roch\",\"url\":\"https:\\\/\\\/drroch.mx\\\/en\\\/\",\"logo\":{\"@type\":\"ImageObject\",\"inLanguage\":\"en-US\",\"@id\":\"https:\\\/\\\/drroch.mx\\\/en\\\/#\\\/schema\\\/logo\\\/image\\\/\",\"url\":\"https:\\\/\\\/drroch.mx\\\/wp-content\\\/uploads\\\/2024\\\/08\\\/logo_shadow.png\",\"contentUrl\":\"https:\\\/\\\/drroch.mx\\\/wp-content\\\/uploads\\\/2024\\\/08\\\/logo_shadow.png\",\"width\":480,\"height\":208,\"caption\":\"Dr. Roch\"},\"image\":{\"@id\":\"https:\\\/\\\/drroch.mx\\\/en\\\/#\\\/schema\\\/logo\\\/image\\\/\"},\"sameAs\":[\"https:\\\/\\\/www.facebook.com\\\/DrRochOficial\\\/\",\"https:\\\/\\\/x.com\\\/drrochoficial\",\"https:\\\/\\\/www.instagram.com\\\/drrochoficial\\\/\",\"https:\\\/\\\/www.youtube.com\\\/c\\\/DrRochOficial\",\"https:\\\/\\\/www.tiktok.com\\\/@drrochoficial\"]}]}<\/script>\n<!-- \/ Yoast SEO plugin. -->","yoast_head_json":{"title":"The Scam: Miracle Factory (Physical Format) - Dr. Roch","robots":{"index":"index","follow":"follow","max-snippet":"max-snippet:-1","max-image-preview":"max-image-preview:large","max-video-preview":"max-video-preview:-1"},"canonical":"https:\/\/drroch.mx\/en\/product\/el-timo-fabrica-de-milagros-formato-fisico\/","og_locale":"en_US","og_type":"article","og_title":"El Timo: F\u00e1brica de Milagros (Formato f\u00edsico) - Dr. Roch","og_description":"El protagonista de este libro es el timo, la gl\u00e1ndula que nos protege. El contenido de sus p\u00e1ginas es la exposici\u00f3n de su definici\u00f3n, su funci\u00f3n milagrosa y la manera c\u00f3mo podr\u00edas activarlo en ti. Es una reflexi\u00f3n sobre hombres extraordinarios que conectaron con su timo, asimismo sobre los pensamientos dominantes que nos presiden. Cada cap\u00edtulo es una invitaci\u00f3n a que descubras el poder de esta fuerza vital, que la uses para hacer una mejor lectura de la realidad y en funci\u00f3n de ello contribuir con tu bienestar y el de la humanidad. En esencia es una propuesta para todas aquellas personas que quieran dar el brinco de lo posible a lo imposible. Debes saberlo, esta obra no es de car\u00e1cter intelectual, es pragm\u00e1tica, f\u00edsica, mental y espiritual, as\u00ed como el timo.","og_url":"https:\/\/drroch.mx\/en\/product\/el-timo-fabrica-de-milagros-formato-fisico\/","og_site_name":"Dr. Roch","article_publisher":"https:\/\/www.facebook.com\/DrRochOficial\/","article_modified_time":"2026-04-10T01:34:19+00:00","og_image":[{"width":960,"height":960,"url":"https:\/\/drroch.mx\/wp-content\/uploads\/2020\/03\/timo.jpg","type":"image\/jpeg"}],"twitter_card":"summary_large_image","twitter_site":"@drrochoficial","twitter_misc":{"Est. reading time":"1 minute"},"schema":{"@context":"https:\/\/schema.org","@graph":[{"@type":"WebPage","@id":"https:\/\/drroch.mx\/producto\/el-timo-fabrica-de-milagros-formato-fisico\/","url":"https:\/\/drroch.mx\/producto\/el-timo-fabrica-de-milagros-formato-fisico\/","name":"The Scam: Miracle Factory (Physical Format) - Dr. Roch","isPartOf":{"@id":"https:\/\/drroch.mx\/en\/#website"},"primaryImageOfPage":{"@id":"https:\/\/drroch.mx\/producto\/el-timo-fabrica-de-milagros-formato-fisico\/#primaryimage"},"image":{"@id":"https:\/\/drroch.mx\/producto\/el-timo-fabrica-de-milagros-formato-fisico\/#primaryimage"},"thumbnailUrl":"https:\/\/drroch.mx\/wp-content\/uploads\/2020\/03\/timo.jpg","datePublished":"2021-09-18T16:11:05+00:00","dateModified":"2026-04-10T01:34:19+00:00","breadcrumb":{"@id":"https:\/\/drroch.mx\/producto\/el-timo-fabrica-de-milagros-formato-fisico\/#breadcrumb"},"inLanguage":"en-US","potentialAction":[{"@type":"ReadAction","target":["https:\/\/drroch.mx\/producto\/el-timo-fabrica-de-milagros-formato-fisico\/"]}]},{"@type":"ImageObject","inLanguage":"en-US","@id":"https:\/\/drroch.mx\/producto\/el-timo-fabrica-de-milagros-formato-fisico\/#primaryimage","url":"https:\/\/drroch.mx\/wp-content\/uploads\/2020\/03\/timo.jpg","contentUrl":"https:\/\/drroch.mx\/wp-content\/uploads\/2020\/03\/timo.jpg","width":960,"height":960},{"@type":"BreadcrumbList","@id":"https:\/\/drroch.mx\/producto\/el-timo-fabrica-de-milagros-formato-fisico\/#breadcrumb","itemListElement":[{"@type":"ListItem","position":1,"name":"Inicio","item":"https:\/\/drroch.mx\/"},{"@type":"ListItem","position":2,"name":"El Timo: F\u00e1brica de Milagros (Formato f\u00edsico)"}]},{"@type":"WebSite","@id":"https:\/\/drroch.mx\/en\/#website","url":"https:\/\/drroch.mx\/en\/","name":"Dr. Roch","description":"Neuroscientist in Human Behaviour","publisher":{"@id":"https:\/\/drroch.mx\/en\/#organization"},"potentialAction":[{"@type":"SearchAction","target":{"@type":"EntryPoint","urlTemplate":"https:\/\/drroch.mx\/en\/?s={search_term_string}"},"query-input":{"@type":"PropertyValueSpecification","valueRequired":true,"valueName":"search_term_string"}}],"inLanguage":"en-US"},{"@type":"Organization","@id":"https:\/\/drroch.mx\/en\/#organization","name":"Dr. Roch","url":"https:\/\/drroch.mx\/en\/","logo":{"@type":"ImageObject","inLanguage":"en-US","@id":"https:\/\/drroch.mx\/en\/#\/schema\/logo\/image\/","url":"https:\/\/drroch.mx\/wp-content\/uploads\/2024\/08\/logo_shadow.png","contentUrl":"https:\/\/drroch.mx\/wp-content\/uploads\/2024\/08\/logo_shadow.png","width":480,"height":208,"caption":"Dr. Roch"},"image":{"@id":"https:\/\/drroch.mx\/en\/#\/schema\/logo\/image\/"},"sameAs":["https:\/\/www.facebook.com\/DrRochOficial\/","https:\/\/x.com\/drrochoficial","https:\/\/www.instagram.com\/drrochoficial\/","https:\/\/www.youtube.com\/c\/DrRochOficial","https:\/\/www.tiktok.com\/@drrochoficial"]}]}},"_links":{"self":[{"href":"https:\/\/drroch.mx\/en\/wp-json\/wp\/v2\/product\/5861","targetHints":{"allow":["GET"]}}],"collection":[{"href":"https:\/\/drroch.mx\/en\/wp-json\/wp\/v2\/product"}],"about":[{"href":"https:\/\/drroch.mx\/en\/wp-json\/wp\/v2\/types\/product"}],"wp:featuredmedia":[{"embeddable":true,"href":"https:\/\/drroch.mx\/en\/wp-json\/wp\/v2\/media\/9243"}],"wp:attachment":[{"href":"https:\/\/drroch.mx\/en\/wp-json\/wp\/v2\/media?parent=5861"}],"wp:term":[{"taxonomy":"product_brand","embeddable":true,"href":"https:\/\/drroch.mx\/en\/wp-json\/wp\/v2\/product_brand?post=5861"},{"taxonomy":"product_cat","embeddable":true,"href":"https:\/\/drroch.mx\/en\/wp-json\/wp\/v2\/product_cat?post=5861"},{"taxonomy":"product_tag","embeddable":true,"href":"https:\/\/drroch.mx\/en\/wp-json\/wp\/v2\/product_tag?post=5861"}],"curies":[{"name":"wp","href":"https:\/\/api.w.org\/{rel}","templated":true}]}}