{"id":5678,"date":"2021-06-09T15:00:18","date_gmt":"2021-06-09T15:00:18","guid":{"rendered":"https:\/\/drroch.mx\/?post_type=product&#038;p=5678"},"modified":"2025-11-14T00:01:40","modified_gmt":"2025-11-14T00:01:40","slug":"relaciones-desnudas-vol-ii-formato-fisico","status":"publish","type":"product","link":"https:\/\/drroch.mx\/en\/product\/relaciones-desnudas-vol-ii-formato-fisico\/","title":{"rendered":"Naked Relationships, Vol. II (Physical Format)"},"content":{"rendered":"<p><strong>NAKED RELATIONS VOLUME II<\/strong><br \/>\n<strong>Affective coaching for success and happiness<\/strong><\/p>\n<p>Naked relationships are the result, and at the same time, the reason for a meaningful life. They are located in the present, and arise after having overcome hopelessness, inferiority complex and defeatism; hatred, fear and guilt. Written in two volumes, this work is based on real evidence of what works and what doesn&#039;t work in terms of relationships, helping you to establish meaningful bonds that allow you to live in plenitude. This Volume II explains everything you need to know to strengthen your relationship.<\/p>","protected":false},"excerpt":{"rendered":"<p><strong>NAKED RELATIONS VOLUME II<\/strong><br \/>\n<strong>Affective coaching for success and happiness<\/strong><\/p>\n<p>Naked relationships are the result, and at the same time, the reason for a meaningful life. They are located in the present, and arise after having overcome hopelessness, inferiority complex and defeatism; hatred, fear and guilt. Written in two volumes, this work is based on real evidence of what works and what doesn&#039;t work in terms of relationships, helping you to establish meaningful bonds that allow you to live in plenitude. This Volume II explains everything you need to know to strengthen your relationship.<\/p>","protected":false},"featured_media":9242,"template":"","meta":[],"product_brand":[],"product_cat":[71,60,61,66],"product_tag":[],"class_list":{"0":"post-5678","1":"product","2":"type-product","3":"status-publish","4":"has-post-thumbnail","6":"product_cat-fisicos","7":"product_cat-libros-tienda","8":"product_cat-productos-destacados","9":"product_cat-tienda-2020","11":"first","12":"instock","13":"shipping-taxable","14":"purchasable","15":"product-type-simple"},"yoast_head":"<!-- This site is optimized with the Yoast SEO plugin v27.3 - https:\/\/yoast.com\/product\/yoast-seo-wordpress\/ -->\n<title>Relaciones Desnudas, Vol. II (Formato f\u00edsico) - Dr. Roch<\/title>\n<meta name=\"robots\" content=\"index, follow, max-snippet:-1, max-image-preview:large, max-video-preview:-1\" \/>\n<link rel=\"canonical\" href=\"https:\/\/drroch.mx\/en\/product\/relaciones-desnudas-vol-ii-formato-fisico\/\" \/>\n<meta property=\"og:locale\" content=\"en_US\" \/>\n<meta property=\"og:type\" content=\"article\" \/>\n<meta property=\"og:title\" content=\"Relaciones Desnudas, Vol. II (Formato f\u00edsico) - Dr. Roch\" \/>\n<meta property=\"og:description\" content=\"RELACIONES DESNUDAS VOLUMEN II Coaching afectivo para el \u00e9xito y la felicidad  Las relaciones desnudas son el resultado, y al mismo tiempo, la raz\u00f3n de una vida con sentido. Se ubican en el presente, y surgen despu\u00e9s de haber superado la desesperanza, el complejo de inferioridad y el derrotismo; el odio, el temor y la culpa.Escrita en dos vol\u00famenes, esta obra se basa en evidencias reales de lo que funciona y no funciona en t\u00e9rminos de relaciones, ayud\u00e1ndote a establecer v\u00ednculos significativos que te permitan vivir en plenitud.En este Volumen II se explica todo lo que necesitas saber para afianzar tu relaci\u00f3n de pareja.\" \/>\n<meta property=\"og:url\" content=\"https:\/\/drroch.mx\/en\/product\/relaciones-desnudas-vol-ii-formato-fisico\/\" \/>\n<meta property=\"og:site_name\" content=\"Dr. Roch\" \/>\n<meta property=\"article:publisher\" content=\"https:\/\/www.facebook.com\/DrRochOficial\/\" \/>\n<meta property=\"article:modified_time\" content=\"2025-11-14T00:01:40+00:00\" \/>\n<meta property=\"og:image\" content=\"https:\/\/drroch.mx\/wp-content\/uploads\/2020\/03\/relaciones2.jpg\" \/>\n\t<meta property=\"og:image:width\" content=\"960\" \/>\n\t<meta property=\"og:image:height\" content=\"960\" \/>\n\t<meta property=\"og:image:type\" content=\"image\/jpeg\" \/>\n<meta name=\"twitter:card\" content=\"summary_large_image\" \/>\n<meta name=\"twitter:site\" content=\"@drrochoficial\" \/>\n<meta name=\"twitter:label1\" content=\"Est. reading time\" \/>\n\t<meta name=\"twitter:data1\" content=\"1 minute\" \/>\n<script type=\"application\/ld+json\" class=\"yoast-schema-graph\">{\"@context\":\"https:\\\/\\\/schema.org\",\"@graph\":[{\"@type\":\"WebPage\",\"@id\":\"https:\\\/\\\/drroch.mx\\\/producto\\\/relaciones-desnudas-vol-ii-formato-fisico\\\/\",\"url\":\"https:\\\/\\\/drroch.mx\\\/producto\\\/relaciones-desnudas-vol-ii-formato-fisico\\\/\",\"name\":\"Relaciones Desnudas, Vol. II (Formato f\u00edsico) - Dr. Roch\",\"isPartOf\":{\"@id\":\"https:\\\/\\\/drroch.mx\\\/en\\\/#website\"},\"primaryImageOfPage\":{\"@id\":\"https:\\\/\\\/drroch.mx\\\/producto\\\/relaciones-desnudas-vol-ii-formato-fisico\\\/#primaryimage\"},\"image\":{\"@id\":\"https:\\\/\\\/drroch.mx\\\/producto\\\/relaciones-desnudas-vol-ii-formato-fisico\\\/#primaryimage\"},\"thumbnailUrl\":\"https:\\\/\\\/drroch.mx\\\/wp-content\\\/uploads\\\/2020\\\/03\\\/relaciones2.jpg\",\"datePublished\":\"2021-06-09T15:00:18+00:00\",\"dateModified\":\"2025-11-14T00:01:40+00:00\",\"breadcrumb\":{\"@id\":\"https:\\\/\\\/drroch.mx\\\/producto\\\/relaciones-desnudas-vol-ii-formato-fisico\\\/#breadcrumb\"},\"inLanguage\":\"en-US\",\"potentialAction\":[{\"@type\":\"ReadAction\",\"target\":[\"https:\\\/\\\/drroch.mx\\\/producto\\\/relaciones-desnudas-vol-ii-formato-fisico\\\/\"]}]},{\"@type\":\"ImageObject\",\"inLanguage\":\"en-US\",\"@id\":\"https:\\\/\\\/drroch.mx\\\/producto\\\/relaciones-desnudas-vol-ii-formato-fisico\\\/#primaryimage\",\"url\":\"https:\\\/\\\/drroch.mx\\\/wp-content\\\/uploads\\\/2020\\\/03\\\/relaciones2.jpg\",\"contentUrl\":\"https:\\\/\\\/drroch.mx\\\/wp-content\\\/uploads\\\/2020\\\/03\\\/relaciones2.jpg\",\"width\":960,\"height\":960},{\"@type\":\"BreadcrumbList\",\"@id\":\"https:\\\/\\\/drroch.mx\\\/producto\\\/relaciones-desnudas-vol-ii-formato-fisico\\\/#breadcrumb\",\"itemListElement\":[{\"@type\":\"ListItem\",\"position\":1,\"name\":\"Inicio\",\"item\":\"https:\\\/\\\/drroch.mx\\\/\"},{\"@type\":\"ListItem\",\"position\":2,\"name\":\"Relaciones Desnudas, Vol. II (Formato f\u00edsico)\"}]},{\"@type\":\"WebSite\",\"@id\":\"https:\\\/\\\/drroch.mx\\\/en\\\/#website\",\"url\":\"https:\\\/\\\/drroch.mx\\\/en\\\/\",\"name\":\"Dr. Roch\",\"description\":\"Neurocient\u00edfico de la Conducta Humana\",\"publisher\":{\"@id\":\"https:\\\/\\\/drroch.mx\\\/en\\\/#organization\"},\"potentialAction\":[{\"@type\":\"SearchAction\",\"target\":{\"@type\":\"EntryPoint\",\"urlTemplate\":\"https:\\\/\\\/drroch.mx\\\/en\\\/?s={search_term_string}\"},\"query-input\":{\"@type\":\"PropertyValueSpecification\",\"valueRequired\":true,\"valueName\":\"search_term_string\"}}],\"inLanguage\":\"en-US\"},{\"@type\":\"Organization\",\"@id\":\"https:\\\/\\\/drroch.mx\\\/en\\\/#organization\",\"name\":\"Dr. Roch\",\"url\":\"https:\\\/\\\/drroch.mx\\\/en\\\/\",\"logo\":{\"@type\":\"ImageObject\",\"inLanguage\":\"en-US\",\"@id\":\"https:\\\/\\\/drroch.mx\\\/en\\\/#\\\/schema\\\/logo\\\/image\\\/\",\"url\":\"https:\\\/\\\/drroch.mx\\\/wp-content\\\/uploads\\\/2024\\\/08\\\/logo_shadow.png\",\"contentUrl\":\"https:\\\/\\\/drroch.mx\\\/wp-content\\\/uploads\\\/2024\\\/08\\\/logo_shadow.png\",\"width\":480,\"height\":208,\"caption\":\"Dr. Roch\"},\"image\":{\"@id\":\"https:\\\/\\\/drroch.mx\\\/en\\\/#\\\/schema\\\/logo\\\/image\\\/\"},\"sameAs\":[\"https:\\\/\\\/www.facebook.com\\\/DrRochOficial\\\/\",\"https:\\\/\\\/x.com\\\/drrochoficial\",\"https:\\\/\\\/www.instagram.com\\\/drrochoficial\\\/\",\"https:\\\/\\\/www.youtube.com\\\/c\\\/DrRochOficial\",\"https:\\\/\\\/www.tiktok.com\\\/@drrochoficial\"]}]}<\/script>\n<!-- \/ Yoast SEO plugin. -->","yoast_head_json":{"title":"Naked Relationships, Vol. II (Physical Format) - Dr. Roch","robots":{"index":"index","follow":"follow","max-snippet":"max-snippet:-1","max-image-preview":"max-image-preview:large","max-video-preview":"max-video-preview:-1"},"canonical":"https:\/\/drroch.mx\/en\/product\/relaciones-desnudas-vol-ii-formato-fisico\/","og_locale":"en_US","og_type":"article","og_title":"Relaciones Desnudas, Vol. II (Formato f\u00edsico) - Dr. Roch","og_description":"RELACIONES DESNUDAS VOLUMEN II Coaching afectivo para el \u00e9xito y la felicidad  Las relaciones desnudas son el resultado, y al mismo tiempo, la raz\u00f3n de una vida con sentido. Se ubican en el presente, y surgen despu\u00e9s de haber superado la desesperanza, el complejo de inferioridad y el derrotismo; el odio, el temor y la culpa.Escrita en dos vol\u00famenes, esta obra se basa en evidencias reales de lo que funciona y no funciona en t\u00e9rminos de relaciones, ayud\u00e1ndote a establecer v\u00ednculos significativos que te permitan vivir en plenitud.En este Volumen II se explica todo lo que necesitas saber para afianzar tu relaci\u00f3n de pareja.","og_url":"https:\/\/drroch.mx\/en\/product\/relaciones-desnudas-vol-ii-formato-fisico\/","og_site_name":"Dr. Roch","article_publisher":"https:\/\/www.facebook.com\/DrRochOficial\/","article_modified_time":"2025-11-14T00:01:40+00:00","og_image":[{"width":960,"height":960,"url":"https:\/\/drroch.mx\/wp-content\/uploads\/2020\/03\/relaciones2.jpg","type":"image\/jpeg"}],"twitter_card":"summary_large_image","twitter_site":"@drrochoficial","twitter_misc":{"Est. reading time":"1 minute"},"schema":{"@context":"https:\/\/schema.org","@graph":[{"@type":"WebPage","@id":"https:\/\/drroch.mx\/producto\/relaciones-desnudas-vol-ii-formato-fisico\/","url":"https:\/\/drroch.mx\/producto\/relaciones-desnudas-vol-ii-formato-fisico\/","name":"Naked Relationships, Vol. II (Physical Format) - Dr. Roch","isPartOf":{"@id":"https:\/\/drroch.mx\/en\/#website"},"primaryImageOfPage":{"@id":"https:\/\/drroch.mx\/producto\/relaciones-desnudas-vol-ii-formato-fisico\/#primaryimage"},"image":{"@id":"https:\/\/drroch.mx\/producto\/relaciones-desnudas-vol-ii-formato-fisico\/#primaryimage"},"thumbnailUrl":"https:\/\/drroch.mx\/wp-content\/uploads\/2020\/03\/relaciones2.jpg","datePublished":"2021-06-09T15:00:18+00:00","dateModified":"2025-11-14T00:01:40+00:00","breadcrumb":{"@id":"https:\/\/drroch.mx\/producto\/relaciones-desnudas-vol-ii-formato-fisico\/#breadcrumb"},"inLanguage":"en-US","potentialAction":[{"@type":"ReadAction","target":["https:\/\/drroch.mx\/producto\/relaciones-desnudas-vol-ii-formato-fisico\/"]}]},{"@type":"ImageObject","inLanguage":"en-US","@id":"https:\/\/drroch.mx\/producto\/relaciones-desnudas-vol-ii-formato-fisico\/#primaryimage","url":"https:\/\/drroch.mx\/wp-content\/uploads\/2020\/03\/relaciones2.jpg","contentUrl":"https:\/\/drroch.mx\/wp-content\/uploads\/2020\/03\/relaciones2.jpg","width":960,"height":960},{"@type":"BreadcrumbList","@id":"https:\/\/drroch.mx\/producto\/relaciones-desnudas-vol-ii-formato-fisico\/#breadcrumb","itemListElement":[{"@type":"ListItem","position":1,"name":"Inicio","item":"https:\/\/drroch.mx\/"},{"@type":"ListItem","position":2,"name":"Relaciones Desnudas, Vol. II (Formato f\u00edsico)"}]},{"@type":"WebSite","@id":"https:\/\/drroch.mx\/en\/#website","url":"https:\/\/drroch.mx\/en\/","name":"Dr. Roch","description":"Neuroscientist in Human Behaviour","publisher":{"@id":"https:\/\/drroch.mx\/en\/#organization"},"potentialAction":[{"@type":"SearchAction","target":{"@type":"EntryPoint","urlTemplate":"https:\/\/drroch.mx\/en\/?s={search_term_string}"},"query-input":{"@type":"PropertyValueSpecification","valueRequired":true,"valueName":"search_term_string"}}],"inLanguage":"en-US"},{"@type":"Organization","@id":"https:\/\/drroch.mx\/en\/#organization","name":"Dr. Roch","url":"https:\/\/drroch.mx\/en\/","logo":{"@type":"ImageObject","inLanguage":"en-US","@id":"https:\/\/drroch.mx\/en\/#\/schema\/logo\/image\/","url":"https:\/\/drroch.mx\/wp-content\/uploads\/2024\/08\/logo_shadow.png","contentUrl":"https:\/\/drroch.mx\/wp-content\/uploads\/2024\/08\/logo_shadow.png","width":480,"height":208,"caption":"Dr. Roch"},"image":{"@id":"https:\/\/drroch.mx\/en\/#\/schema\/logo\/image\/"},"sameAs":["https:\/\/www.facebook.com\/DrRochOficial\/","https:\/\/x.com\/drrochoficial","https:\/\/www.instagram.com\/drrochoficial\/","https:\/\/www.youtube.com\/c\/DrRochOficial","https:\/\/www.tiktok.com\/@drrochoficial"]}]}},"_links":{"self":[{"href":"https:\/\/drroch.mx\/en\/wp-json\/wp\/v2\/product\/5678","targetHints":{"allow":["GET"]}}],"collection":[{"href":"https:\/\/drroch.mx\/en\/wp-json\/wp\/v2\/product"}],"about":[{"href":"https:\/\/drroch.mx\/en\/wp-json\/wp\/v2\/types\/product"}],"wp:featuredmedia":[{"embeddable":true,"href":"https:\/\/drroch.mx\/en\/wp-json\/wp\/v2\/media\/9242"}],"wp:attachment":[{"href":"https:\/\/drroch.mx\/en\/wp-json\/wp\/v2\/media?parent=5678"}],"wp:term":[{"taxonomy":"product_brand","embeddable":true,"href":"https:\/\/drroch.mx\/en\/wp-json\/wp\/v2\/product_brand?post=5678"},{"taxonomy":"product_cat","embeddable":true,"href":"https:\/\/drroch.mx\/en\/wp-json\/wp\/v2\/product_cat?post=5678"},{"taxonomy":"product_tag","embeddable":true,"href":"https:\/\/drroch.mx\/en\/wp-json\/wp\/v2\/product_tag?post=5678"}],"curies":[{"name":"wp","href":"https:\/\/api.w.org\/{rel}","templated":true}]}}