{"id":5674,"date":"2021-06-09T14:59:41","date_gmt":"2021-06-09T14:59:41","guid":{"rendered":"https:\/\/drroch.mx\/?post_type=product&#038;p=5674"},"modified":"2025-11-14T00:01:40","modified_gmt":"2025-11-14T00:01:40","slug":"relaciones-desnudas-vol-i-formato-fisico","status":"publish","type":"product","link":"https:\/\/drroch.mx\/en\/product\/relaciones-desnudas-vol-i-formato-fisico\/","title":{"rendered":"Naked Relationships, Vol. I (Physical Format)"},"content":{"rendered":"<p><strong>NAKED RELATIONS VOLUME I<\/strong><br \/>\n<strong>Affective coaching for success and happiness<\/strong><\/p>\n<p>Written in two volumes, this work is the result of more than thirty years of experience as a business, emotional and personal learning coach, and is designed to help you interpret your reality, teaching you how to establish meaningful connections that allow you to live fully, here and now!<br \/>\nVolume I exposes the multiple dimensions of relationships, so that you can get rid of the excess and discover the beauty and goodness hidden behind countless masks. You can rescue your essence and uniqueness, recognize those of others and establish fulfilling bonds.<\/p>","protected":false},"excerpt":{"rendered":"<p><strong>NAKED RELATIONS VOLUME I<\/strong><br \/>\n<strong>Affective coaching for success and happiness<\/strong><\/p>\n<p>Written in two volumes, this work is the result of more than thirty years of experience as a business, emotional and personal learning coach, and is designed to help you interpret your reality, teaching you how to establish meaningful connections that allow you to live fully, here and now!<br \/>\nVolume I exposes the multiple dimensions of relationships, so that you can get rid of the excess and discover the beauty and goodness hidden behind countless masks. You can rescue your essence and uniqueness, recognize those of others and establish fulfilling bonds.<\/p>","protected":false},"featured_media":9241,"template":"","meta":[],"product_brand":[],"product_cat":[71,60,61,66],"product_tag":[],"class_list":{"0":"post-5674","1":"product","2":"type-product","3":"status-publish","4":"has-post-thumbnail","6":"product_cat-fisicos","7":"product_cat-libros-tienda","8":"product_cat-productos-destacados","9":"product_cat-tienda-2020","11":"first","12":"instock","13":"shipping-taxable","14":"purchasable","15":"product-type-simple"},"yoast_head":"<!-- This site is optimized with the Yoast SEO plugin v27.3 - https:\/\/yoast.com\/product\/yoast-seo-wordpress\/ -->\n<title>Relaciones Desnudas, Vol. I (Formato f\u00edsico) - Dr. Roch<\/title>\n<meta name=\"robots\" content=\"index, follow, max-snippet:-1, max-image-preview:large, max-video-preview:-1\" \/>\n<link rel=\"canonical\" href=\"https:\/\/drroch.mx\/en\/product\/relaciones-desnudas-vol-i-formato-fisico\/\" \/>\n<meta property=\"og:locale\" content=\"en_US\" \/>\n<meta property=\"og:type\" content=\"article\" \/>\n<meta property=\"og:title\" content=\"Relaciones Desnudas, Vol. I (Formato f\u00edsico) - Dr. Roch\" \/>\n<meta property=\"og:description\" content=\"RELACIONES DESNUDAS VOLUMEN I Coaching afectivo para el \u00e9xito y la felicidad  Escrita en dos vol\u00famenes, esta obra es el resultado de m\u00e1s de treinta a\u00f1os de experiencia como coach de aprendizaje empresarial, emocional y personal, y est\u00e1 concebida para ayudarte a interpretar tu realidad, ense\u00f1\u00e1ndote c\u00f3mo establecer v\u00ednculos significativos que te permitan vivir en plenitud, \u00a1aqu\u00ed y ahora! El Volumen I expone las m\u00faltiples dimensiones de las relaciones, para que te deshagas de lo que sobra y puedas descubrir la belleza y bondad que ocultan tras innumerables m\u00e1scaras. T\u00fa puedes rescatar tu esencia y unicidad, reconocer las de los otros y establecer v\u00ednculos plenos.\" \/>\n<meta property=\"og:url\" content=\"https:\/\/drroch.mx\/en\/product\/relaciones-desnudas-vol-i-formato-fisico\/\" \/>\n<meta property=\"og:site_name\" content=\"Dr. Roch\" \/>\n<meta property=\"article:publisher\" content=\"https:\/\/www.facebook.com\/DrRochOficial\/\" \/>\n<meta property=\"article:modified_time\" content=\"2025-11-14T00:01:40+00:00\" \/>\n<meta property=\"og:image\" content=\"https:\/\/drroch.mx\/wp-content\/uploads\/2020\/03\/relaciones1.jpg\" \/>\n\t<meta property=\"og:image:width\" content=\"960\" \/>\n\t<meta property=\"og:image:height\" content=\"960\" \/>\n\t<meta property=\"og:image:type\" content=\"image\/jpeg\" \/>\n<meta name=\"twitter:card\" content=\"summary_large_image\" \/>\n<meta name=\"twitter:site\" content=\"@drrochoficial\" \/>\n<meta name=\"twitter:label1\" content=\"Est. reading time\" \/>\n\t<meta name=\"twitter:data1\" content=\"1 minute\" \/>\n<script type=\"application\/ld+json\" class=\"yoast-schema-graph\">{\"@context\":\"https:\\\/\\\/schema.org\",\"@graph\":[{\"@type\":\"WebPage\",\"@id\":\"https:\\\/\\\/drroch.mx\\\/producto\\\/relaciones-desnudas-vol-i-formato-fisico\\\/\",\"url\":\"https:\\\/\\\/drroch.mx\\\/producto\\\/relaciones-desnudas-vol-i-formato-fisico\\\/\",\"name\":\"Relaciones Desnudas, Vol. I (Formato f\u00edsico) - Dr. Roch\",\"isPartOf\":{\"@id\":\"https:\\\/\\\/drroch.mx\\\/en\\\/#website\"},\"primaryImageOfPage\":{\"@id\":\"https:\\\/\\\/drroch.mx\\\/producto\\\/relaciones-desnudas-vol-i-formato-fisico\\\/#primaryimage\"},\"image\":{\"@id\":\"https:\\\/\\\/drroch.mx\\\/producto\\\/relaciones-desnudas-vol-i-formato-fisico\\\/#primaryimage\"},\"thumbnailUrl\":\"https:\\\/\\\/drroch.mx\\\/wp-content\\\/uploads\\\/2020\\\/03\\\/relaciones1.jpg\",\"datePublished\":\"2021-06-09T14:59:41+00:00\",\"dateModified\":\"2025-11-14T00:01:40+00:00\",\"breadcrumb\":{\"@id\":\"https:\\\/\\\/drroch.mx\\\/producto\\\/relaciones-desnudas-vol-i-formato-fisico\\\/#breadcrumb\"},\"inLanguage\":\"en-US\",\"potentialAction\":[{\"@type\":\"ReadAction\",\"target\":[\"https:\\\/\\\/drroch.mx\\\/producto\\\/relaciones-desnudas-vol-i-formato-fisico\\\/\"]}]},{\"@type\":\"ImageObject\",\"inLanguage\":\"en-US\",\"@id\":\"https:\\\/\\\/drroch.mx\\\/producto\\\/relaciones-desnudas-vol-i-formato-fisico\\\/#primaryimage\",\"url\":\"https:\\\/\\\/drroch.mx\\\/wp-content\\\/uploads\\\/2020\\\/03\\\/relaciones1.jpg\",\"contentUrl\":\"https:\\\/\\\/drroch.mx\\\/wp-content\\\/uploads\\\/2020\\\/03\\\/relaciones1.jpg\",\"width\":960,\"height\":960},{\"@type\":\"BreadcrumbList\",\"@id\":\"https:\\\/\\\/drroch.mx\\\/producto\\\/relaciones-desnudas-vol-i-formato-fisico\\\/#breadcrumb\",\"itemListElement\":[{\"@type\":\"ListItem\",\"position\":1,\"name\":\"Inicio\",\"item\":\"https:\\\/\\\/drroch.mx\\\/\"},{\"@type\":\"ListItem\",\"position\":2,\"name\":\"Relaciones Desnudas, Vol. I (Formato f\u00edsico)\"}]},{\"@type\":\"WebSite\",\"@id\":\"https:\\\/\\\/drroch.mx\\\/en\\\/#website\",\"url\":\"https:\\\/\\\/drroch.mx\\\/en\\\/\",\"name\":\"Dr. Roch\",\"description\":\"Neurocient\u00edfico de la Conducta Humana\",\"publisher\":{\"@id\":\"https:\\\/\\\/drroch.mx\\\/en\\\/#organization\"},\"potentialAction\":[{\"@type\":\"SearchAction\",\"target\":{\"@type\":\"EntryPoint\",\"urlTemplate\":\"https:\\\/\\\/drroch.mx\\\/en\\\/?s={search_term_string}\"},\"query-input\":{\"@type\":\"PropertyValueSpecification\",\"valueRequired\":true,\"valueName\":\"search_term_string\"}}],\"inLanguage\":\"en-US\"},{\"@type\":\"Organization\",\"@id\":\"https:\\\/\\\/drroch.mx\\\/en\\\/#organization\",\"name\":\"Dr. Roch\",\"url\":\"https:\\\/\\\/drroch.mx\\\/en\\\/\",\"logo\":{\"@type\":\"ImageObject\",\"inLanguage\":\"en-US\",\"@id\":\"https:\\\/\\\/drroch.mx\\\/en\\\/#\\\/schema\\\/logo\\\/image\\\/\",\"url\":\"https:\\\/\\\/drroch.mx\\\/wp-content\\\/uploads\\\/2024\\\/08\\\/logo_shadow.png\",\"contentUrl\":\"https:\\\/\\\/drroch.mx\\\/wp-content\\\/uploads\\\/2024\\\/08\\\/logo_shadow.png\",\"width\":480,\"height\":208,\"caption\":\"Dr. Roch\"},\"image\":{\"@id\":\"https:\\\/\\\/drroch.mx\\\/en\\\/#\\\/schema\\\/logo\\\/image\\\/\"},\"sameAs\":[\"https:\\\/\\\/www.facebook.com\\\/DrRochOficial\\\/\",\"https:\\\/\\\/x.com\\\/drrochoficial\",\"https:\\\/\\\/www.instagram.com\\\/drrochoficial\\\/\",\"https:\\\/\\\/www.youtube.com\\\/c\\\/DrRochOficial\",\"https:\\\/\\\/www.tiktok.com\\\/@drrochoficial\"]}]}<\/script>\n<!-- \/ Yoast SEO plugin. -->","yoast_head_json":{"title":"Naked Relationships, Vol. I (Physical Format) - Dr. Roch","robots":{"index":"index","follow":"follow","max-snippet":"max-snippet:-1","max-image-preview":"max-image-preview:large","max-video-preview":"max-video-preview:-1"},"canonical":"https:\/\/drroch.mx\/en\/product\/relaciones-desnudas-vol-i-formato-fisico\/","og_locale":"en_US","og_type":"article","og_title":"Relaciones Desnudas, Vol. I (Formato f\u00edsico) - Dr. Roch","og_description":"RELACIONES DESNUDAS VOLUMEN I Coaching afectivo para el \u00e9xito y la felicidad  Escrita en dos vol\u00famenes, esta obra es el resultado de m\u00e1s de treinta a\u00f1os de experiencia como coach de aprendizaje empresarial, emocional y personal, y est\u00e1 concebida para ayudarte a interpretar tu realidad, ense\u00f1\u00e1ndote c\u00f3mo establecer v\u00ednculos significativos que te permitan vivir en plenitud, \u00a1aqu\u00ed y ahora! El Volumen I expone las m\u00faltiples dimensiones de las relaciones, para que te deshagas de lo que sobra y puedas descubrir la belleza y bondad que ocultan tras innumerables m\u00e1scaras. T\u00fa puedes rescatar tu esencia y unicidad, reconocer las de los otros y establecer v\u00ednculos plenos.","og_url":"https:\/\/drroch.mx\/en\/product\/relaciones-desnudas-vol-i-formato-fisico\/","og_site_name":"Dr. Roch","article_publisher":"https:\/\/www.facebook.com\/DrRochOficial\/","article_modified_time":"2025-11-14T00:01:40+00:00","og_image":[{"width":960,"height":960,"url":"https:\/\/drroch.mx\/wp-content\/uploads\/2020\/03\/relaciones1.jpg","type":"image\/jpeg"}],"twitter_card":"summary_large_image","twitter_site":"@drrochoficial","twitter_misc":{"Est. reading time":"1 minute"},"schema":{"@context":"https:\/\/schema.org","@graph":[{"@type":"WebPage","@id":"https:\/\/drroch.mx\/producto\/relaciones-desnudas-vol-i-formato-fisico\/","url":"https:\/\/drroch.mx\/producto\/relaciones-desnudas-vol-i-formato-fisico\/","name":"Naked Relationships, Vol. I (Physical Format) - Dr. Roch","isPartOf":{"@id":"https:\/\/drroch.mx\/en\/#website"},"primaryImageOfPage":{"@id":"https:\/\/drroch.mx\/producto\/relaciones-desnudas-vol-i-formato-fisico\/#primaryimage"},"image":{"@id":"https:\/\/drroch.mx\/producto\/relaciones-desnudas-vol-i-formato-fisico\/#primaryimage"},"thumbnailUrl":"https:\/\/drroch.mx\/wp-content\/uploads\/2020\/03\/relaciones1.jpg","datePublished":"2021-06-09T14:59:41+00:00","dateModified":"2025-11-14T00:01:40+00:00","breadcrumb":{"@id":"https:\/\/drroch.mx\/producto\/relaciones-desnudas-vol-i-formato-fisico\/#breadcrumb"},"inLanguage":"en-US","potentialAction":[{"@type":"ReadAction","target":["https:\/\/drroch.mx\/producto\/relaciones-desnudas-vol-i-formato-fisico\/"]}]},{"@type":"ImageObject","inLanguage":"en-US","@id":"https:\/\/drroch.mx\/producto\/relaciones-desnudas-vol-i-formato-fisico\/#primaryimage","url":"https:\/\/drroch.mx\/wp-content\/uploads\/2020\/03\/relaciones1.jpg","contentUrl":"https:\/\/drroch.mx\/wp-content\/uploads\/2020\/03\/relaciones1.jpg","width":960,"height":960},{"@type":"BreadcrumbList","@id":"https:\/\/drroch.mx\/producto\/relaciones-desnudas-vol-i-formato-fisico\/#breadcrumb","itemListElement":[{"@type":"ListItem","position":1,"name":"Inicio","item":"https:\/\/drroch.mx\/"},{"@type":"ListItem","position":2,"name":"Relaciones Desnudas, Vol. I (Formato f\u00edsico)"}]},{"@type":"WebSite","@id":"https:\/\/drroch.mx\/en\/#website","url":"https:\/\/drroch.mx\/en\/","name":"Dr. Roch","description":"Neuroscientist in Human Behaviour","publisher":{"@id":"https:\/\/drroch.mx\/en\/#organization"},"potentialAction":[{"@type":"SearchAction","target":{"@type":"EntryPoint","urlTemplate":"https:\/\/drroch.mx\/en\/?s={search_term_string}"},"query-input":{"@type":"PropertyValueSpecification","valueRequired":true,"valueName":"search_term_string"}}],"inLanguage":"en-US"},{"@type":"Organization","@id":"https:\/\/drroch.mx\/en\/#organization","name":"Dr. Roch","url":"https:\/\/drroch.mx\/en\/","logo":{"@type":"ImageObject","inLanguage":"en-US","@id":"https:\/\/drroch.mx\/en\/#\/schema\/logo\/image\/","url":"https:\/\/drroch.mx\/wp-content\/uploads\/2024\/08\/logo_shadow.png","contentUrl":"https:\/\/drroch.mx\/wp-content\/uploads\/2024\/08\/logo_shadow.png","width":480,"height":208,"caption":"Dr. Roch"},"image":{"@id":"https:\/\/drroch.mx\/en\/#\/schema\/logo\/image\/"},"sameAs":["https:\/\/www.facebook.com\/DrRochOficial\/","https:\/\/x.com\/drrochoficial","https:\/\/www.instagram.com\/drrochoficial\/","https:\/\/www.youtube.com\/c\/DrRochOficial","https:\/\/www.tiktok.com\/@drrochoficial"]}]}},"_links":{"self":[{"href":"https:\/\/drroch.mx\/en\/wp-json\/wp\/v2\/product\/5674","targetHints":{"allow":["GET"]}}],"collection":[{"href":"https:\/\/drroch.mx\/en\/wp-json\/wp\/v2\/product"}],"about":[{"href":"https:\/\/drroch.mx\/en\/wp-json\/wp\/v2\/types\/product"}],"wp:featuredmedia":[{"embeddable":true,"href":"https:\/\/drroch.mx\/en\/wp-json\/wp\/v2\/media\/9241"}],"wp:attachment":[{"href":"https:\/\/drroch.mx\/en\/wp-json\/wp\/v2\/media?parent=5674"}],"wp:term":[{"taxonomy":"product_brand","embeddable":true,"href":"https:\/\/drroch.mx\/en\/wp-json\/wp\/v2\/product_brand?post=5674"},{"taxonomy":"product_cat","embeddable":true,"href":"https:\/\/drroch.mx\/en\/wp-json\/wp\/v2\/product_cat?post=5674"},{"taxonomy":"product_tag","embeddable":true,"href":"https:\/\/drroch.mx\/en\/wp-json\/wp\/v2\/product_tag?post=5674"}],"curies":[{"name":"wp","href":"https:\/\/api.w.org\/{rel}","templated":true}]}}