{"id":4160,"date":"2020-05-30T23:59:32","date_gmt":"2020-05-30T23:59:32","guid":{"rendered":"https:\/\/drroch.mx\/?post_type=product&#038;p=4160"},"modified":"2025-11-19T01:00:01","modified_gmt":"2025-11-19T01:00:01","slug":"shot-de-realidad-2","status":"publish","type":"product","link":"https:\/\/drroch.mx\/en\/product\/shot-de-realidad-2\/","title":{"rendered":"Thymus Reading"},"content":{"rendered":"<h2>What is the Reading of the Thymus (reality shot)?<\/h2>\n<p>All the lies in your mind are in your favor and erase reality. Reality always prevails and makes you suffer because it does not match the madness of your mind, with what you expected, with what you believed had happened. The Reality Shot helps you a lot to have real results in the face of everything that happens to you, because it gives you information that is within your spirit (Thymus) that reads reality accurately.<\/p>\n<p>My job is to put into words the information you have within your wise being that reads your reality accurately.<\/p>\n<p><b>\u2013 Dr. Roch<\/b><\/p>","protected":false},"excerpt":{"rendered":"<h2>What is the Reading of the Thymus (reality shot)?<\/h2>\n<p>All the lies in your mind are in your favor and erase reality. Reality always prevails and makes you suffer because it does not match the madness of your mind, with what you expected, with what you believed had happened. The Reality Shot helps you a lot to have real results in the face of everything that happens to you, because it gives you information that is within your spirit (Thymus) that reads reality accurately.<\/p>\n<p>My job is to put into words the information you have within your wise being that reads your reality accurately.<\/p>\n<p><b>\u2013 Dr. Roch<\/b><\/p>","protected":false},"featured_media":6127,"template":"","meta":[],"product_brand":[],"product_cat":[63],"product_tag":[],"class_list":{"0":"post-4160","1":"product","2":"type-product","3":"status-publish","4":"has-post-thumbnail","6":"product_cat-cursos-tienda","8":"first","9":"instock","10":"virtual","11":"purchasable","12":"product-type-simple"},"yoast_head":"<!-- This site is optimized with the Yoast SEO plugin v27.3 - https:\/\/yoast.com\/product\/yoast-seo-wordpress\/ -->\n<title>Lectura del Timo - Dr. Roch<\/title>\n<meta name=\"robots\" content=\"index, follow, max-snippet:-1, max-image-preview:large, max-video-preview:-1\" \/>\n<link rel=\"canonical\" href=\"https:\/\/drroch.mx\/en\/product\/shot-de-realidad-2\/\" \/>\n<meta property=\"og:locale\" content=\"en_US\" \/>\n<meta property=\"og:type\" content=\"article\" \/>\n<meta property=\"og:title\" content=\"Lectura del Timo - Dr. Roch\" \/>\n<meta property=\"og:description\" content=\"\u00bfEn qu\u00e9 consiste la Lectura del Timo (shot de realidad)? Todas las mentiras de tu mente son a tu favor y borran la realidad. La realidad siempre se impone y te hace sufrir porque no coincide con la locura de tu mente, con lo que esperabas, con lo que cre\u00edas que hab\u00eda pasado. El Shot de Realidad te ayuda mucho a tener resultados reales frente a todo lo que te sucede, porque te da informaci\u00f3n que esta dentro de tu esp\u00edritu (Timo) que lee la realidad de manera precisa.  Mi trabajo consiste en ponerte en palabras la informaci\u00f3n que tienes dentro de tu ser sabio que lee tu realidad de manera precisa.  \u2013 Dr. Roch\" \/>\n<meta property=\"og:url\" content=\"https:\/\/drroch.mx\/en\/product\/shot-de-realidad-2\/\" \/>\n<meta property=\"og:site_name\" content=\"Dr. Roch\" \/>\n<meta property=\"article:publisher\" content=\"https:\/\/www.facebook.com\/DrRochOficial\/\" \/>\n<meta property=\"article:modified_time\" content=\"2025-11-19T01:00:01+00:00\" \/>\n<meta property=\"og:image\" content=\"https:\/\/drroch.mx\/wp-content\/uploads\/2020\/05\/sdr.jpg\" \/>\n\t<meta property=\"og:image:width\" content=\"900\" \/>\n\t<meta property=\"og:image:height\" content=\"900\" \/>\n\t<meta property=\"og:image:type\" content=\"image\/jpeg\" \/>\n<meta name=\"twitter:card\" content=\"summary_large_image\" \/>\n<meta name=\"twitter:site\" content=\"@drrochoficial\" \/>\n<meta name=\"twitter:label1\" content=\"Est. reading time\" \/>\n\t<meta name=\"twitter:data1\" content=\"1 minute\" \/>\n<script type=\"application\/ld+json\" class=\"yoast-schema-graph\">{\"@context\":\"https:\\\/\\\/schema.org\",\"@graph\":[{\"@type\":\"WebPage\",\"@id\":\"https:\\\/\\\/drroch.mx\\\/producto\\\/shot-de-realidad-2\\\/\",\"url\":\"https:\\\/\\\/drroch.mx\\\/producto\\\/shot-de-realidad-2\\\/\",\"name\":\"Lectura del Timo - Dr. Roch\",\"isPartOf\":{\"@id\":\"https:\\\/\\\/drroch.mx\\\/en\\\/#website\"},\"primaryImageOfPage\":{\"@id\":\"https:\\\/\\\/drroch.mx\\\/producto\\\/shot-de-realidad-2\\\/#primaryimage\"},\"image\":{\"@id\":\"https:\\\/\\\/drroch.mx\\\/producto\\\/shot-de-realidad-2\\\/#primaryimage\"},\"thumbnailUrl\":\"https:\\\/\\\/drroch.mx\\\/wp-content\\\/uploads\\\/2020\\\/05\\\/sdr.jpg\",\"datePublished\":\"2020-05-30T23:59:32+00:00\",\"dateModified\":\"2025-11-19T01:00:01+00:00\",\"breadcrumb\":{\"@id\":\"https:\\\/\\\/drroch.mx\\\/producto\\\/shot-de-realidad-2\\\/#breadcrumb\"},\"inLanguage\":\"en-US\",\"potentialAction\":[{\"@type\":\"ReadAction\",\"target\":[\"https:\\\/\\\/drroch.mx\\\/producto\\\/shot-de-realidad-2\\\/\"]}]},{\"@type\":\"ImageObject\",\"inLanguage\":\"en-US\",\"@id\":\"https:\\\/\\\/drroch.mx\\\/producto\\\/shot-de-realidad-2\\\/#primaryimage\",\"url\":\"https:\\\/\\\/drroch.mx\\\/wp-content\\\/uploads\\\/2020\\\/05\\\/sdr.jpg\",\"contentUrl\":\"https:\\\/\\\/drroch.mx\\\/wp-content\\\/uploads\\\/2020\\\/05\\\/sdr.jpg\",\"width\":900,\"height\":900},{\"@type\":\"BreadcrumbList\",\"@id\":\"https:\\\/\\\/drroch.mx\\\/producto\\\/shot-de-realidad-2\\\/#breadcrumb\",\"itemListElement\":[{\"@type\":\"ListItem\",\"position\":1,\"name\":\"Inicio\",\"item\":\"https:\\\/\\\/drroch.mx\\\/\"},{\"@type\":\"ListItem\",\"position\":2,\"name\":\"Lectura del Timo\"}]},{\"@type\":\"WebSite\",\"@id\":\"https:\\\/\\\/drroch.mx\\\/en\\\/#website\",\"url\":\"https:\\\/\\\/drroch.mx\\\/en\\\/\",\"name\":\"Dr. Roch\",\"description\":\"Neurocient\u00edfico de la Conducta Humana\",\"publisher\":{\"@id\":\"https:\\\/\\\/drroch.mx\\\/en\\\/#organization\"},\"potentialAction\":[{\"@type\":\"SearchAction\",\"target\":{\"@type\":\"EntryPoint\",\"urlTemplate\":\"https:\\\/\\\/drroch.mx\\\/en\\\/?s={search_term_string}\"},\"query-input\":{\"@type\":\"PropertyValueSpecification\",\"valueRequired\":true,\"valueName\":\"search_term_string\"}}],\"inLanguage\":\"en-US\"},{\"@type\":\"Organization\",\"@id\":\"https:\\\/\\\/drroch.mx\\\/en\\\/#organization\",\"name\":\"Dr. Roch\",\"url\":\"https:\\\/\\\/drroch.mx\\\/en\\\/\",\"logo\":{\"@type\":\"ImageObject\",\"inLanguage\":\"en-US\",\"@id\":\"https:\\\/\\\/drroch.mx\\\/en\\\/#\\\/schema\\\/logo\\\/image\\\/\",\"url\":\"https:\\\/\\\/drroch.mx\\\/wp-content\\\/uploads\\\/2024\\\/08\\\/logo_shadow.png\",\"contentUrl\":\"https:\\\/\\\/drroch.mx\\\/wp-content\\\/uploads\\\/2024\\\/08\\\/logo_shadow.png\",\"width\":480,\"height\":208,\"caption\":\"Dr. Roch\"},\"image\":{\"@id\":\"https:\\\/\\\/drroch.mx\\\/en\\\/#\\\/schema\\\/logo\\\/image\\\/\"},\"sameAs\":[\"https:\\\/\\\/www.facebook.com\\\/DrRochOficial\\\/\",\"https:\\\/\\\/x.com\\\/drrochoficial\",\"https:\\\/\\\/www.instagram.com\\\/drrochoficial\\\/\",\"https:\\\/\\\/www.youtube.com\\\/c\\\/DrRochOficial\",\"https:\\\/\\\/www.tiktok.com\\\/@drrochoficial\"]}]}<\/script>\n<!-- \/ Yoast SEO plugin. -->","yoast_head_json":{"title":"Thymus Reading - Dr. Roch","robots":{"index":"index","follow":"follow","max-snippet":"max-snippet:-1","max-image-preview":"max-image-preview:large","max-video-preview":"max-video-preview:-1"},"canonical":"https:\/\/drroch.mx\/en\/product\/shot-de-realidad-2\/","og_locale":"en_US","og_type":"article","og_title":"Lectura del Timo - Dr. Roch","og_description":"\u00bfEn qu\u00e9 consiste la Lectura del Timo (shot de realidad)? Todas las mentiras de tu mente son a tu favor y borran la realidad. La realidad siempre se impone y te hace sufrir porque no coincide con la locura de tu mente, con lo que esperabas, con lo que cre\u00edas que hab\u00eda pasado. El Shot de Realidad te ayuda mucho a tener resultados reales frente a todo lo que te sucede, porque te da informaci\u00f3n que esta dentro de tu esp\u00edritu (Timo) que lee la realidad de manera precisa.  Mi trabajo consiste en ponerte en palabras la informaci\u00f3n que tienes dentro de tu ser sabio que lee tu realidad de manera precisa.  \u2013 Dr. Roch","og_url":"https:\/\/drroch.mx\/en\/product\/shot-de-realidad-2\/","og_site_name":"Dr. Roch","article_publisher":"https:\/\/www.facebook.com\/DrRochOficial\/","article_modified_time":"2025-11-19T01:00:01+00:00","og_image":[{"width":900,"height":900,"url":"https:\/\/drroch.mx\/wp-content\/uploads\/2020\/05\/sdr.jpg","type":"image\/jpeg"}],"twitter_card":"summary_large_image","twitter_site":"@drrochoficial","twitter_misc":{"Est. reading time":"1 minute"},"schema":{"@context":"https:\/\/schema.org","@graph":[{"@type":"WebPage","@id":"https:\/\/drroch.mx\/producto\/shot-de-realidad-2\/","url":"https:\/\/drroch.mx\/producto\/shot-de-realidad-2\/","name":"Thymus Reading - Dr. Roch","isPartOf":{"@id":"https:\/\/drroch.mx\/en\/#website"},"primaryImageOfPage":{"@id":"https:\/\/drroch.mx\/producto\/shot-de-realidad-2\/#primaryimage"},"image":{"@id":"https:\/\/drroch.mx\/producto\/shot-de-realidad-2\/#primaryimage"},"thumbnailUrl":"https:\/\/drroch.mx\/wp-content\/uploads\/2020\/05\/sdr.jpg","datePublished":"2020-05-30T23:59:32+00:00","dateModified":"2025-11-19T01:00:01+00:00","breadcrumb":{"@id":"https:\/\/drroch.mx\/producto\/shot-de-realidad-2\/#breadcrumb"},"inLanguage":"en-US","potentialAction":[{"@type":"ReadAction","target":["https:\/\/drroch.mx\/producto\/shot-de-realidad-2\/"]}]},{"@type":"ImageObject","inLanguage":"en-US","@id":"https:\/\/drroch.mx\/producto\/shot-de-realidad-2\/#primaryimage","url":"https:\/\/drroch.mx\/wp-content\/uploads\/2020\/05\/sdr.jpg","contentUrl":"https:\/\/drroch.mx\/wp-content\/uploads\/2020\/05\/sdr.jpg","width":900,"height":900},{"@type":"BreadcrumbList","@id":"https:\/\/drroch.mx\/producto\/shot-de-realidad-2\/#breadcrumb","itemListElement":[{"@type":"ListItem","position":1,"name":"Inicio","item":"https:\/\/drroch.mx\/"},{"@type":"ListItem","position":2,"name":"Lectura del Timo"}]},{"@type":"WebSite","@id":"https:\/\/drroch.mx\/en\/#website","url":"https:\/\/drroch.mx\/en\/","name":"Dr. Roch","description":"Neuroscientist in Human Behaviour","publisher":{"@id":"https:\/\/drroch.mx\/en\/#organization"},"potentialAction":[{"@type":"SearchAction","target":{"@type":"EntryPoint","urlTemplate":"https:\/\/drroch.mx\/en\/?s={search_term_string}"},"query-input":{"@type":"PropertyValueSpecification","valueRequired":true,"valueName":"search_term_string"}}],"inLanguage":"en-US"},{"@type":"Organization","@id":"https:\/\/drroch.mx\/en\/#organization","name":"Dr. Roch","url":"https:\/\/drroch.mx\/en\/","logo":{"@type":"ImageObject","inLanguage":"en-US","@id":"https:\/\/drroch.mx\/en\/#\/schema\/logo\/image\/","url":"https:\/\/drroch.mx\/wp-content\/uploads\/2024\/08\/logo_shadow.png","contentUrl":"https:\/\/drroch.mx\/wp-content\/uploads\/2024\/08\/logo_shadow.png","width":480,"height":208,"caption":"Dr. Roch"},"image":{"@id":"https:\/\/drroch.mx\/en\/#\/schema\/logo\/image\/"},"sameAs":["https:\/\/www.facebook.com\/DrRochOficial\/","https:\/\/x.com\/drrochoficial","https:\/\/www.instagram.com\/drrochoficial\/","https:\/\/www.youtube.com\/c\/DrRochOficial","https:\/\/www.tiktok.com\/@drrochoficial"]}]}},"_links":{"self":[{"href":"https:\/\/drroch.mx\/en\/wp-json\/wp\/v2\/product\/4160","targetHints":{"allow":["GET"]}}],"collection":[{"href":"https:\/\/drroch.mx\/en\/wp-json\/wp\/v2\/product"}],"about":[{"href":"https:\/\/drroch.mx\/en\/wp-json\/wp\/v2\/types\/product"}],"wp:featuredmedia":[{"embeddable":true,"href":"https:\/\/drroch.mx\/en\/wp-json\/wp\/v2\/media\/6127"}],"wp:attachment":[{"href":"https:\/\/drroch.mx\/en\/wp-json\/wp\/v2\/media?parent=4160"}],"wp:term":[{"taxonomy":"product_brand","embeddable":true,"href":"https:\/\/drroch.mx\/en\/wp-json\/wp\/v2\/product_brand?post=4160"},{"taxonomy":"product_cat","embeddable":true,"href":"https:\/\/drroch.mx\/en\/wp-json\/wp\/v2\/product_cat?post=4160"},{"taxonomy":"product_tag","embeddable":true,"href":"https:\/\/drroch.mx\/en\/wp-json\/wp\/v2\/product_tag?post=4160"}],"curies":[{"name":"wp","href":"https:\/\/api.w.org\/{rel}","templated":true}]}}