{"id":3927,"date":"2020-05-04T23:06:44","date_gmt":"2020-05-04T23:06:44","guid":{"rendered":"https:\/\/drroch.mx\/?post_type=product&#038;p=3927"},"modified":"2025-07-10T16:22:41","modified_gmt":"2025-07-10T16:22:41","slug":"e-b-e-ejecucion-basada-en-evidencias","status":"publish","type":"product","link":"https:\/\/drroch.mx\/en\/product\/e-b-e-ejecucion-basada-en-evidencias\/","title":{"rendered":"EBE \u2013 Evidence-Based Implementation"},"content":{"rendered":"<p>Dr. Roch&#039;s major conference, where he presents one of his most important topics, the EBE Evidence-Based Execution.<\/p>\n<p>You will be able to understand how to face reality in a better way and how to react to the situations that arise in your daily life, in your work, personal life and relationships.<\/p>","protected":false},"excerpt":{"rendered":"<p>Dr. Roch&#039;s major conference, where he presents one of his most important topics, the EBE Evidence-Based Execution.<\/p>\n<p>You will be able to understand how to face reality in a better way and how to react to the situations that arise in your daily life, in your work, personal life and relationships.<\/p>","protected":false},"featured_media":4070,"template":"","meta":[],"product_brand":[],"product_cat":[64],"product_tag":[],"class_list":{"0":"post-3927","1":"product","2":"type-product","3":"status-publish","4":"has-post-thumbnail","6":"product_cat-videos-tienda","8":"first","9":"instock","10":"downloadable","11":"virtual","12":"purchasable","13":"product-type-simple"},"yoast_head":"<!-- This site is optimized with the Yoast SEO plugin v27.3 - https:\/\/yoast.com\/product\/yoast-seo-wordpress\/ -->\n<title>E.B.E - Ejecuci\u00f3n Basada en Evidencias - Dr. Roch<\/title>\n<meta name=\"robots\" content=\"index, follow, max-snippet:-1, max-image-preview:large, max-video-preview:-1\" \/>\n<link rel=\"canonical\" href=\"https:\/\/drroch.mx\/en\/producto\/e-b-e-ejecucion-basada-en-evidencias\/\" \/>\n<meta property=\"og:locale\" content=\"en_US\" \/>\n<meta property=\"og:type\" content=\"article\" \/>\n<meta property=\"og:title\" content=\"E.B.E - Ejecuci\u00f3n Basada en Evidencias - Dr. Roch\" \/>\n<meta property=\"og:description\" content=\"Magna conferencia del Dr. Roch, donde presenta uno de sus temas m\u00e1s importantes, el E.B.E. Ejecuci\u00f3n Basada en Evidencia. Podr\u00e1s entender como enfrentar la realidad de una mejor manera y como actuar a las situaciones que se te presenten en el d\u00eda a d\u00eda, en tu vida laboral, personal y de relaciones.\" \/>\n<meta property=\"og:url\" content=\"https:\/\/drroch.mx\/en\/producto\/e-b-e-ejecucion-basada-en-evidencias\/\" \/>\n<meta property=\"og:site_name\" content=\"Dr. Roch\" \/>\n<meta property=\"article:publisher\" content=\"https:\/\/www.facebook.com\/DrRochOficial\/\" \/>\n<meta property=\"article:modified_time\" content=\"2025-07-10T16:22:41+00:00\" \/>\n<meta property=\"og:image\" content=\"https:\/\/drroch.mx\/wp-content\/uploads\/2020\/05\/GetAttachmentThumbnail-1.jpg\" \/>\n\t<meta property=\"og:image:width\" content=\"1280\" \/>\n\t<meta property=\"og:image:height\" content=\"817\" \/>\n\t<meta property=\"og:image:type\" content=\"image\/jpeg\" \/>\n<meta name=\"twitter:card\" content=\"summary_large_image\" \/>\n<meta name=\"twitter:site\" content=\"@drrochoficial\" \/>\n<script type=\"application\/ld+json\" class=\"yoast-schema-graph\">{\"@context\":\"https:\\\/\\\/schema.org\",\"@graph\":[{\"@type\":\"WebPage\",\"@id\":\"https:\\\/\\\/drroch.mx\\\/en\\\/producto\\\/e-b-e-ejecucion-basada-en-evidencias\\\/\",\"url\":\"https:\\\/\\\/drroch.mx\\\/en\\\/producto\\\/e-b-e-ejecucion-basada-en-evidencias\\\/\",\"name\":\"E.B.E - Ejecuci\u00f3n Basada en Evidencias - Dr. Roch\",\"isPartOf\":{\"@id\":\"https:\\\/\\\/drroch.mx\\\/en\\\/#website\"},\"primaryImageOfPage\":{\"@id\":\"https:\\\/\\\/drroch.mx\\\/en\\\/producto\\\/e-b-e-ejecucion-basada-en-evidencias\\\/#primaryimage\"},\"image\":{\"@id\":\"https:\\\/\\\/drroch.mx\\\/en\\\/producto\\\/e-b-e-ejecucion-basada-en-evidencias\\\/#primaryimage\"},\"thumbnailUrl\":\"https:\\\/\\\/drroch.mx\\\/wp-content\\\/uploads\\\/2020\\\/05\\\/GetAttachmentThumbnail-1.jpg\",\"datePublished\":\"2020-05-04T23:06:44+00:00\",\"dateModified\":\"2025-07-10T16:22:41+00:00\",\"breadcrumb\":{\"@id\":\"https:\\\/\\\/drroch.mx\\\/en\\\/producto\\\/e-b-e-ejecucion-basada-en-evidencias\\\/#breadcrumb\"},\"inLanguage\":\"en-US\",\"potentialAction\":[{\"@type\":\"ReadAction\",\"target\":[\"https:\\\/\\\/drroch.mx\\\/en\\\/producto\\\/e-b-e-ejecucion-basada-en-evidencias\\\/\"]}]},{\"@type\":\"ImageObject\",\"inLanguage\":\"en-US\",\"@id\":\"https:\\\/\\\/drroch.mx\\\/en\\\/producto\\\/e-b-e-ejecucion-basada-en-evidencias\\\/#primaryimage\",\"url\":\"https:\\\/\\\/drroch.mx\\\/wp-content\\\/uploads\\\/2020\\\/05\\\/GetAttachmentThumbnail-1.jpg\",\"contentUrl\":\"https:\\\/\\\/drroch.mx\\\/wp-content\\\/uploads\\\/2020\\\/05\\\/GetAttachmentThumbnail-1.jpg\",\"width\":1280,\"height\":817},{\"@type\":\"BreadcrumbList\",\"@id\":\"https:\\\/\\\/drroch.mx\\\/en\\\/producto\\\/e-b-e-ejecucion-basada-en-evidencias\\\/#breadcrumb\",\"itemListElement\":[{\"@type\":\"ListItem\",\"position\":1,\"name\":\"Inicio\",\"item\":\"https:\\\/\\\/drroch.mx\\\/\"},{\"@type\":\"ListItem\",\"position\":2,\"name\":\"E.B.E &#8211; Ejecuci\u00f3n Basada en Evidencias\"}]},{\"@type\":\"WebSite\",\"@id\":\"https:\\\/\\\/drroch.mx\\\/en\\\/#website\",\"url\":\"https:\\\/\\\/drroch.mx\\\/en\\\/\",\"name\":\"Dr. Roch\",\"description\":\"Neurocient\u00edfico de la Conducta Humana\",\"publisher\":{\"@id\":\"https:\\\/\\\/drroch.mx\\\/en\\\/#organization\"},\"potentialAction\":[{\"@type\":\"SearchAction\",\"target\":{\"@type\":\"EntryPoint\",\"urlTemplate\":\"https:\\\/\\\/drroch.mx\\\/en\\\/?s={search_term_string}\"},\"query-input\":{\"@type\":\"PropertyValueSpecification\",\"valueRequired\":true,\"valueName\":\"search_term_string\"}}],\"inLanguage\":\"en-US\"},{\"@type\":\"Organization\",\"@id\":\"https:\\\/\\\/drroch.mx\\\/en\\\/#organization\",\"name\":\"Dr. Roch\",\"url\":\"https:\\\/\\\/drroch.mx\\\/en\\\/\",\"logo\":{\"@type\":\"ImageObject\",\"inLanguage\":\"en-US\",\"@id\":\"https:\\\/\\\/drroch.mx\\\/en\\\/#\\\/schema\\\/logo\\\/image\\\/\",\"url\":\"https:\\\/\\\/drroch.mx\\\/wp-content\\\/uploads\\\/2024\\\/08\\\/logo_shadow.png\",\"contentUrl\":\"https:\\\/\\\/drroch.mx\\\/wp-content\\\/uploads\\\/2024\\\/08\\\/logo_shadow.png\",\"width\":480,\"height\":208,\"caption\":\"Dr. Roch\"},\"image\":{\"@id\":\"https:\\\/\\\/drroch.mx\\\/en\\\/#\\\/schema\\\/logo\\\/image\\\/\"},\"sameAs\":[\"https:\\\/\\\/www.facebook.com\\\/DrRochOficial\\\/\",\"https:\\\/\\\/x.com\\\/drrochoficial\",\"https:\\\/\\\/www.instagram.com\\\/drrochoficial\\\/\",\"https:\\\/\\\/www.youtube.com\\\/c\\\/DrRochOficial\",\"https:\\\/\\\/www.tiktok.com\\\/@drrochoficial\"]}]}<\/script>\n<!-- \/ Yoast SEO plugin. -->","yoast_head_json":{"title":"E.B.E - Ejecuci\u00f3n Basada en Evidencias - Dr. Roch","robots":{"index":"index","follow":"follow","max-snippet":"max-snippet:-1","max-image-preview":"max-image-preview:large","max-video-preview":"max-video-preview:-1"},"canonical":"https:\/\/drroch.mx\/en\/producto\/e-b-e-ejecucion-basada-en-evidencias\/","og_locale":"en_US","og_type":"article","og_title":"E.B.E - Ejecuci\u00f3n Basada en Evidencias - Dr. Roch","og_description":"Magna conferencia del Dr. Roch, donde presenta uno de sus temas m\u00e1s importantes, el E.B.E. Ejecuci\u00f3n Basada en Evidencia. Podr\u00e1s entender como enfrentar la realidad de una mejor manera y como actuar a las situaciones que se te presenten en el d\u00eda a d\u00eda, en tu vida laboral, personal y de relaciones.","og_url":"https:\/\/drroch.mx\/en\/producto\/e-b-e-ejecucion-basada-en-evidencias\/","og_site_name":"Dr. Roch","article_publisher":"https:\/\/www.facebook.com\/DrRochOficial\/","article_modified_time":"2025-07-10T16:22:41+00:00","og_image":[{"width":1280,"height":817,"url":"https:\/\/drroch.mx\/wp-content\/uploads\/2020\/05\/GetAttachmentThumbnail-1.jpg","type":"image\/jpeg"}],"twitter_card":"summary_large_image","twitter_site":"@drrochoficial","schema":{"@context":"https:\/\/schema.org","@graph":[{"@type":"WebPage","@id":"https:\/\/drroch.mx\/en\/producto\/e-b-e-ejecucion-basada-en-evidencias\/","url":"https:\/\/drroch.mx\/en\/producto\/e-b-e-ejecucion-basada-en-evidencias\/","name":"E.B.E - Ejecuci\u00f3n Basada en Evidencias - Dr. Roch","isPartOf":{"@id":"https:\/\/drroch.mx\/en\/#website"},"primaryImageOfPage":{"@id":"https:\/\/drroch.mx\/en\/producto\/e-b-e-ejecucion-basada-en-evidencias\/#primaryimage"},"image":{"@id":"https:\/\/drroch.mx\/en\/producto\/e-b-e-ejecucion-basada-en-evidencias\/#primaryimage"},"thumbnailUrl":"https:\/\/drroch.mx\/wp-content\/uploads\/2020\/05\/GetAttachmentThumbnail-1.jpg","datePublished":"2020-05-04T23:06:44+00:00","dateModified":"2025-07-10T16:22:41+00:00","breadcrumb":{"@id":"https:\/\/drroch.mx\/en\/producto\/e-b-e-ejecucion-basada-en-evidencias\/#breadcrumb"},"inLanguage":"en-US","potentialAction":[{"@type":"ReadAction","target":["https:\/\/drroch.mx\/en\/producto\/e-b-e-ejecucion-basada-en-evidencias\/"]}]},{"@type":"ImageObject","inLanguage":"en-US","@id":"https:\/\/drroch.mx\/en\/producto\/e-b-e-ejecucion-basada-en-evidencias\/#primaryimage","url":"https:\/\/drroch.mx\/wp-content\/uploads\/2020\/05\/GetAttachmentThumbnail-1.jpg","contentUrl":"https:\/\/drroch.mx\/wp-content\/uploads\/2020\/05\/GetAttachmentThumbnail-1.jpg","width":1280,"height":817},{"@type":"BreadcrumbList","@id":"https:\/\/drroch.mx\/en\/producto\/e-b-e-ejecucion-basada-en-evidencias\/#breadcrumb","itemListElement":[{"@type":"ListItem","position":1,"name":"Inicio","item":"https:\/\/drroch.mx\/"},{"@type":"ListItem","position":2,"name":"E.B.E &#8211; Ejecuci\u00f3n Basada en Evidencias"}]},{"@type":"WebSite","@id":"https:\/\/drroch.mx\/en\/#website","url":"https:\/\/drroch.mx\/en\/","name":"Dr. Roch","description":"Neuroscientist in Human Behaviour","publisher":{"@id":"https:\/\/drroch.mx\/en\/#organization"},"potentialAction":[{"@type":"SearchAction","target":{"@type":"EntryPoint","urlTemplate":"https:\/\/drroch.mx\/en\/?s={search_term_string}"},"query-input":{"@type":"PropertyValueSpecification","valueRequired":true,"valueName":"search_term_string"}}],"inLanguage":"en-US"},{"@type":"Organization","@id":"https:\/\/drroch.mx\/en\/#organization","name":"Dr. Roch","url":"https:\/\/drroch.mx\/en\/","logo":{"@type":"ImageObject","inLanguage":"en-US","@id":"https:\/\/drroch.mx\/en\/#\/schema\/logo\/image\/","url":"https:\/\/drroch.mx\/wp-content\/uploads\/2024\/08\/logo_shadow.png","contentUrl":"https:\/\/drroch.mx\/wp-content\/uploads\/2024\/08\/logo_shadow.png","width":480,"height":208,"caption":"Dr. Roch"},"image":{"@id":"https:\/\/drroch.mx\/en\/#\/schema\/logo\/image\/"},"sameAs":["https:\/\/www.facebook.com\/DrRochOficial\/","https:\/\/x.com\/drrochoficial","https:\/\/www.instagram.com\/drrochoficial\/","https:\/\/www.youtube.com\/c\/DrRochOficial","https:\/\/www.tiktok.com\/@drrochoficial"]}]}},"_links":{"self":[{"href":"https:\/\/drroch.mx\/en\/wp-json\/wp\/v2\/product\/3927","targetHints":{"allow":["GET"]}}],"collection":[{"href":"https:\/\/drroch.mx\/en\/wp-json\/wp\/v2\/product"}],"about":[{"href":"https:\/\/drroch.mx\/en\/wp-json\/wp\/v2\/types\/product"}],"wp:featuredmedia":[{"embeddable":true,"href":"https:\/\/drroch.mx\/en\/wp-json\/wp\/v2\/media\/4070"}],"wp:attachment":[{"href":"https:\/\/drroch.mx\/en\/wp-json\/wp\/v2\/media?parent=3927"}],"wp:term":[{"taxonomy":"product_brand","embeddable":true,"href":"https:\/\/drroch.mx\/en\/wp-json\/wp\/v2\/product_brand?post=3927"},{"taxonomy":"product_cat","embeddable":true,"href":"https:\/\/drroch.mx\/en\/wp-json\/wp\/v2\/product_cat?post=3927"},{"taxonomy":"product_tag","embeddable":true,"href":"https:\/\/drroch.mx\/en\/wp-json\/wp\/v2\/product_tag?post=3927"}],"curies":[{"name":"wp","href":"https:\/\/api.w.org\/{rel}","templated":true}]}}