{"id":11135,"date":"2026-04-01T04:09:29","date_gmt":"2026-04-01T04:09:29","guid":{"rendered":"https:\/\/drroch.mx\/?post_type=product&#038;p=11135"},"modified":"2026-04-01T04:29:47","modified_gmt":"2026-04-01T04:29:47","slug":"miercoles-de-coaching-con-el-dr-roch-promocion-2-sesiones","status":"publish","type":"product","link":"https:\/\/drroch.mx\/en\/product\/miercoles-de-coaching-con-el-dr-roch-promocion-2-sesiones\/","title":{"rendered":"Coaching Wednesdays with Dr. Roch (Special Offer: 2 sessions)"},"content":{"rendered":"<h1 style=\"text-align: center;\">SESSIONS EVERY WEDNESDAY 8 PM<\/h1>\n<h1 style=\"text-align: center;\">VARIOUS PLANS AVAILABLE<\/h1>\n<h1 style=\"text-align: center;\">LIMITED SPACE<\/h1>\n<p><strong>Coaching Wednesday<\/strong> with Dr. Roch is an ongoing program with me live, about a new way of how you can achieve more than success.<\/p>\n<p>Not only will you be able to be successful financially or professionally, you will also have a quality relationship with your family, partner, your environment and the people who love you will be proud of you.<\/p>\n<p>This can only be achieved with the EBE (Evidence-Based Execution) methodology.<\/p>\n<h2><strong>MONTHLY PLAN:<\/strong><del> $ 97 USD<\/del><br \/>\n<strong>QUARTERLY PLAN:<\/strong> <del>$ 287 USD<\/del><br \/>\n<strong>ANNUAL PLAN:<\/strong> <del>$ 1067 USD<\/del><\/h2>\n<p>&nbsp;<\/p>\n<p><strong>How will you transform with Coaching Wednesdays with Dr. Roch?<\/strong><\/p>\n<ul>\n<li>Listening to yourself and finding answers to your questions leads to tangible results, so you can discover new ideas to old problems, which means that you will increase your level of enthusiasm to overcome your doubts and adversities.<\/li>\n<li>It will make you have faith in yourself, which will allow you to make magic with your talent, which means you can get more income, better clients, empower your sales force and build trust with your customers.<\/li>\n<li>You will be able to have self-management to be able to get the best out of yourself in each training session, so that you will gain self-confidence, motivation and creativity to find more alternative solutions to problems that may arise and, therefore, produce better results.<\/li>\n<li>Being a doer with EBE will allow you to accelerate the growth of your business and that means you will be able to establish yourself as an entrepreneur in a very short time.<\/li>\n<li>You will avoid lies that will allow you to work from honesty, from reality, reducing the margin of error so that you can have better results in every action you take.<\/li>\n<\/ul>","protected":false},"excerpt":{"rendered":"<h3>SESSIONS EVERY WEDNESDAY 8 PM<br \/>\nVARIOUS PLANS AVAILABLE<br \/>\nLIMITED SPACE<\/h3>\n<p><strong>Coaching Wednesday<\/strong> with Dr. Roch is an ongoing program with me live, about a new way of how you can achieve more than success.<\/p>\n<p><strong>MONTHLY PLAN: <del>$ 97 USD<\/del><\/strong><br \/>\n<strong>QUARTERLY PLAN: <del>$ 287 USD<\/del><\/strong><br \/>\n<strong>ANNUAL PLAN: <del>$ 1067 USD<\/del><\/strong><\/p>","protected":false},"featured_media":9854,"template":"","meta":[],"product_brand":[],"product_cat":[63,61,64],"product_tag":[],"class_list":{"0":"post-11135","1":"product","2":"type-product","3":"status-publish","4":"has-post-thumbnail","6":"product_cat-cursos-tienda","7":"product_cat-productos-destacados","8":"product_cat-videos-tienda","10":"first","11":"instock","12":"virtual","13":"sold-individually","14":"purchasable","15":"product-type-simple"},"yoast_head":"<!-- This site is optimized with the Yoast SEO plugin v27.3 - https:\/\/yoast.com\/product\/yoast-seo-wordpress\/ -->\n<title>Mi\u00e9rcoles de Coaching con el Dr. Roch (Promoci\u00f3n 2 sesiones) - Dr. Roch<\/title>\n<meta name=\"robots\" content=\"index, follow, max-snippet:-1, max-image-preview:large, max-video-preview:-1\" \/>\n<link rel=\"canonical\" href=\"https:\/\/drroch.mx\/en\/product\/miercoles-de-coaching-con-el-dr-roch-promocion-2-sesiones\/\" \/>\n<meta property=\"og:locale\" content=\"en_US\" \/>\n<meta property=\"og:type\" content=\"article\" \/>\n<meta property=\"og:title\" content=\"Mi\u00e9rcoles de Coaching con el Dr. Roch (Promoci\u00f3n 2 sesiones) - Dr. Roch\" \/>\n<meta property=\"og:description\" content=\"SESIONES CADA MI\u00c9RCOLES 8 PM VARIOS PLANES DISPONIBLES CUPO LIMITADO Mi\u00e9rcoles de Coaching con el Dr. Roch es un programa continuo conmigo en vivo, sobre una nueva forma de c\u00f3mo puedes t\u00fa alcanzar m\u00e1s que el \u00e9xito.  PLAN MENSUAL: $ 97 USD PLAN TRIMESTRAL: $ 287 USD PLAN ANUAL: $ 1067 USD\" \/>\n<meta property=\"og:url\" content=\"https:\/\/drroch.mx\/en\/product\/miercoles-de-coaching-con-el-dr-roch-promocion-2-sesiones\/\" \/>\n<meta property=\"og:site_name\" content=\"Dr. Roch\" \/>\n<meta property=\"article:publisher\" content=\"https:\/\/www.facebook.com\/DrRochOficial\/\" \/>\n<meta property=\"article:modified_time\" content=\"2026-04-01T04:29:47+00:00\" \/>\n<meta property=\"og:image\" content=\"https:\/\/drroch.mx\/wp-content\/uploads\/2020\/07\/mc.jpg\" \/>\n\t<meta property=\"og:image:width\" content=\"960\" \/>\n\t<meta property=\"og:image:height\" content=\"960\" \/>\n\t<meta property=\"og:image:type\" content=\"image\/jpeg\" \/>\n<meta name=\"twitter:card\" content=\"summary_large_image\" \/>\n<meta name=\"twitter:site\" content=\"@drrochoficial\" \/>\n<meta name=\"twitter:label1\" content=\"Est. reading time\" \/>\n\t<meta name=\"twitter:data1\" content=\"2 minutes\" \/>\n<script type=\"application\/ld+json\" class=\"yoast-schema-graph\">{\"@context\":\"https:\\\/\\\/schema.org\",\"@graph\":[{\"@type\":\"WebPage\",\"@id\":\"https:\\\/\\\/drroch.mx\\\/producto\\\/miercoles-de-coaching-con-el-dr-roch-promocion-2-sesiones\\\/\",\"url\":\"https:\\\/\\\/drroch.mx\\\/producto\\\/miercoles-de-coaching-con-el-dr-roch-promocion-2-sesiones\\\/\",\"name\":\"Mi\u00e9rcoles de Coaching con el Dr. Roch (Promoci\u00f3n 2 sesiones) - Dr. Roch\",\"isPartOf\":{\"@id\":\"https:\\\/\\\/drroch.mx\\\/en\\\/#website\"},\"primaryImageOfPage\":{\"@id\":\"https:\\\/\\\/drroch.mx\\\/producto\\\/miercoles-de-coaching-con-el-dr-roch-promocion-2-sesiones\\\/#primaryimage\"},\"image\":{\"@id\":\"https:\\\/\\\/drroch.mx\\\/producto\\\/miercoles-de-coaching-con-el-dr-roch-promocion-2-sesiones\\\/#primaryimage\"},\"thumbnailUrl\":\"https:\\\/\\\/drroch.mx\\\/wp-content\\\/uploads\\\/2020\\\/07\\\/mc.jpg\",\"datePublished\":\"2026-04-01T04:09:29+00:00\",\"dateModified\":\"2026-04-01T04:29:47+00:00\",\"breadcrumb\":{\"@id\":\"https:\\\/\\\/drroch.mx\\\/producto\\\/miercoles-de-coaching-con-el-dr-roch-promocion-2-sesiones\\\/#breadcrumb\"},\"inLanguage\":\"en-US\",\"potentialAction\":[{\"@type\":\"ReadAction\",\"target\":[\"https:\\\/\\\/drroch.mx\\\/producto\\\/miercoles-de-coaching-con-el-dr-roch-promocion-2-sesiones\\\/\"]}]},{\"@type\":\"ImageObject\",\"inLanguage\":\"en-US\",\"@id\":\"https:\\\/\\\/drroch.mx\\\/producto\\\/miercoles-de-coaching-con-el-dr-roch-promocion-2-sesiones\\\/#primaryimage\",\"url\":\"https:\\\/\\\/drroch.mx\\\/wp-content\\\/uploads\\\/2020\\\/07\\\/mc.jpg\",\"contentUrl\":\"https:\\\/\\\/drroch.mx\\\/wp-content\\\/uploads\\\/2020\\\/07\\\/mc.jpg\",\"width\":960,\"height\":960},{\"@type\":\"BreadcrumbList\",\"@id\":\"https:\\\/\\\/drroch.mx\\\/producto\\\/miercoles-de-coaching-con-el-dr-roch-promocion-2-sesiones\\\/#breadcrumb\",\"itemListElement\":[{\"@type\":\"ListItem\",\"position\":1,\"name\":\"Inicio\",\"item\":\"https:\\\/\\\/drroch.mx\\\/\"},{\"@type\":\"ListItem\",\"position\":2,\"name\":\"Mi\u00e9rcoles de Coaching con el Dr. Roch (Promoci\u00f3n 2 sesiones)\"}]},{\"@type\":\"WebSite\",\"@id\":\"https:\\\/\\\/drroch.mx\\\/en\\\/#website\",\"url\":\"https:\\\/\\\/drroch.mx\\\/en\\\/\",\"name\":\"Dr. Roch\",\"description\":\"Neurocient\u00edfico de la Conducta Humana\",\"publisher\":{\"@id\":\"https:\\\/\\\/drroch.mx\\\/en\\\/#organization\"},\"potentialAction\":[{\"@type\":\"SearchAction\",\"target\":{\"@type\":\"EntryPoint\",\"urlTemplate\":\"https:\\\/\\\/drroch.mx\\\/en\\\/?s={search_term_string}\"},\"query-input\":{\"@type\":\"PropertyValueSpecification\",\"valueRequired\":true,\"valueName\":\"search_term_string\"}}],\"inLanguage\":\"en-US\"},{\"@type\":\"Organization\",\"@id\":\"https:\\\/\\\/drroch.mx\\\/en\\\/#organization\",\"name\":\"Dr. Roch\",\"url\":\"https:\\\/\\\/drroch.mx\\\/en\\\/\",\"logo\":{\"@type\":\"ImageObject\",\"inLanguage\":\"en-US\",\"@id\":\"https:\\\/\\\/drroch.mx\\\/en\\\/#\\\/schema\\\/logo\\\/image\\\/\",\"url\":\"https:\\\/\\\/drroch.mx\\\/wp-content\\\/uploads\\\/2024\\\/08\\\/logo_shadow.png\",\"contentUrl\":\"https:\\\/\\\/drroch.mx\\\/wp-content\\\/uploads\\\/2024\\\/08\\\/logo_shadow.png\",\"width\":480,\"height\":208,\"caption\":\"Dr. Roch\"},\"image\":{\"@id\":\"https:\\\/\\\/drroch.mx\\\/en\\\/#\\\/schema\\\/logo\\\/image\\\/\"},\"sameAs\":[\"https:\\\/\\\/www.facebook.com\\\/DrRochOficial\\\/\",\"https:\\\/\\\/x.com\\\/drrochoficial\",\"https:\\\/\\\/www.instagram.com\\\/drrochoficial\\\/\",\"https:\\\/\\\/www.youtube.com\\\/c\\\/DrRochOficial\",\"https:\\\/\\\/www.tiktok.com\\\/@drrochoficial\"]}]}<\/script>\n<!-- \/ Yoast SEO plugin. -->","yoast_head_json":{"title":"Mi\u00e9rcoles de Coaching con el Dr. Roch (Promoci\u00f3n 2 sesiones) - Dr. Roch","robots":{"index":"index","follow":"follow","max-snippet":"max-snippet:-1","max-image-preview":"max-image-preview:large","max-video-preview":"max-video-preview:-1"},"canonical":"https:\/\/drroch.mx\/en\/product\/miercoles-de-coaching-con-el-dr-roch-promocion-2-sesiones\/","og_locale":"en_US","og_type":"article","og_title":"Mi\u00e9rcoles de Coaching con el Dr. Roch (Promoci\u00f3n 2 sesiones) - Dr. Roch","og_description":"SESIONES CADA MI\u00c9RCOLES 8 PM VARIOS PLANES DISPONIBLES CUPO LIMITADO Mi\u00e9rcoles de Coaching con el Dr. Roch es un programa continuo conmigo en vivo, sobre una nueva forma de c\u00f3mo puedes t\u00fa alcanzar m\u00e1s que el \u00e9xito.  PLAN MENSUAL: $ 97 USD PLAN TRIMESTRAL: $ 287 USD PLAN ANUAL: $ 1067 USD","og_url":"https:\/\/drroch.mx\/en\/product\/miercoles-de-coaching-con-el-dr-roch-promocion-2-sesiones\/","og_site_name":"Dr. Roch","article_publisher":"https:\/\/www.facebook.com\/DrRochOficial\/","article_modified_time":"2026-04-01T04:29:47+00:00","og_image":[{"width":960,"height":960,"url":"https:\/\/drroch.mx\/wp-content\/uploads\/2020\/07\/mc.jpg","type":"image\/jpeg"}],"twitter_card":"summary_large_image","twitter_site":"@drrochoficial","twitter_misc":{"Est. reading time":"2 minutes"},"schema":{"@context":"https:\/\/schema.org","@graph":[{"@type":"WebPage","@id":"https:\/\/drroch.mx\/producto\/miercoles-de-coaching-con-el-dr-roch-promocion-2-sesiones\/","url":"https:\/\/drroch.mx\/producto\/miercoles-de-coaching-con-el-dr-roch-promocion-2-sesiones\/","name":"Mi\u00e9rcoles de Coaching con el Dr. Roch (Promoci\u00f3n 2 sesiones) - Dr. Roch","isPartOf":{"@id":"https:\/\/drroch.mx\/en\/#website"},"primaryImageOfPage":{"@id":"https:\/\/drroch.mx\/producto\/miercoles-de-coaching-con-el-dr-roch-promocion-2-sesiones\/#primaryimage"},"image":{"@id":"https:\/\/drroch.mx\/producto\/miercoles-de-coaching-con-el-dr-roch-promocion-2-sesiones\/#primaryimage"},"thumbnailUrl":"https:\/\/drroch.mx\/wp-content\/uploads\/2020\/07\/mc.jpg","datePublished":"2026-04-01T04:09:29+00:00","dateModified":"2026-04-01T04:29:47+00:00","breadcrumb":{"@id":"https:\/\/drroch.mx\/producto\/miercoles-de-coaching-con-el-dr-roch-promocion-2-sesiones\/#breadcrumb"},"inLanguage":"en-US","potentialAction":[{"@type":"ReadAction","target":["https:\/\/drroch.mx\/producto\/miercoles-de-coaching-con-el-dr-roch-promocion-2-sesiones\/"]}]},{"@type":"ImageObject","inLanguage":"en-US","@id":"https:\/\/drroch.mx\/producto\/miercoles-de-coaching-con-el-dr-roch-promocion-2-sesiones\/#primaryimage","url":"https:\/\/drroch.mx\/wp-content\/uploads\/2020\/07\/mc.jpg","contentUrl":"https:\/\/drroch.mx\/wp-content\/uploads\/2020\/07\/mc.jpg","width":960,"height":960},{"@type":"BreadcrumbList","@id":"https:\/\/drroch.mx\/producto\/miercoles-de-coaching-con-el-dr-roch-promocion-2-sesiones\/#breadcrumb","itemListElement":[{"@type":"ListItem","position":1,"name":"Inicio","item":"https:\/\/drroch.mx\/"},{"@type":"ListItem","position":2,"name":"Mi\u00e9rcoles de Coaching con el Dr. Roch (Promoci\u00f3n 2 sesiones)"}]},{"@type":"WebSite","@id":"https:\/\/drroch.mx\/en\/#website","url":"https:\/\/drroch.mx\/en\/","name":"Dr. Roch","description":"Neuroscientist in Human Behaviour","publisher":{"@id":"https:\/\/drroch.mx\/en\/#organization"},"potentialAction":[{"@type":"SearchAction","target":{"@type":"EntryPoint","urlTemplate":"https:\/\/drroch.mx\/en\/?s={search_term_string}"},"query-input":{"@type":"PropertyValueSpecification","valueRequired":true,"valueName":"search_term_string"}}],"inLanguage":"en-US"},{"@type":"Organization","@id":"https:\/\/drroch.mx\/en\/#organization","name":"Dr. Roch","url":"https:\/\/drroch.mx\/en\/","logo":{"@type":"ImageObject","inLanguage":"en-US","@id":"https:\/\/drroch.mx\/en\/#\/schema\/logo\/image\/","url":"https:\/\/drroch.mx\/wp-content\/uploads\/2024\/08\/logo_shadow.png","contentUrl":"https:\/\/drroch.mx\/wp-content\/uploads\/2024\/08\/logo_shadow.png","width":480,"height":208,"caption":"Dr. Roch"},"image":{"@id":"https:\/\/drroch.mx\/en\/#\/schema\/logo\/image\/"},"sameAs":["https:\/\/www.facebook.com\/DrRochOficial\/","https:\/\/x.com\/drrochoficial","https:\/\/www.instagram.com\/drrochoficial\/","https:\/\/www.youtube.com\/c\/DrRochOficial","https:\/\/www.tiktok.com\/@drrochoficial"]}]}},"_links":{"self":[{"href":"https:\/\/drroch.mx\/en\/wp-json\/wp\/v2\/product\/11135","targetHints":{"allow":["GET"]}}],"collection":[{"href":"https:\/\/drroch.mx\/en\/wp-json\/wp\/v2\/product"}],"about":[{"href":"https:\/\/drroch.mx\/en\/wp-json\/wp\/v2\/types\/product"}],"wp:featuredmedia":[{"embeddable":true,"href":"https:\/\/drroch.mx\/en\/wp-json\/wp\/v2\/media\/9854"}],"wp:attachment":[{"href":"https:\/\/drroch.mx\/en\/wp-json\/wp\/v2\/media?parent=11135"}],"wp:term":[{"taxonomy":"product_brand","embeddable":true,"href":"https:\/\/drroch.mx\/en\/wp-json\/wp\/v2\/product_brand?post=11135"},{"taxonomy":"product_cat","embeddable":true,"href":"https:\/\/drroch.mx\/en\/wp-json\/wp\/v2\/product_cat?post=11135"},{"taxonomy":"product_tag","embeddable":true,"href":"https:\/\/drroch.mx\/en\/wp-json\/wp\/v2\/product_tag?post=11135"}],"curies":[{"name":"wp","href":"https:\/\/api.w.org\/{rel}","templated":true}]}}