{"id":10796,"date":"2026-01-22T00:57:08","date_gmt":"2026-01-22T00:57:08","guid":{"rendered":"https:\/\/drroch.mx\/?post_type=product&#038;p=10796"},"modified":"2026-02-12T17:50:39","modified_gmt":"2026-02-12T17:50:39","slug":"asaltos-mentales-en-linea-via-zoom","status":"publish","type":"product","link":"https:\/\/drroch.mx\/en\/product\/asaltos-mentales-en-linea-via-zoom\/","title":{"rendered":"Mental Assaults (Online via Zoom)"},"content":{"rendered":"<h2 data-start=\"144\" data-end=\"168\">\ud83e\udde0 MENTAL ASSAULTS (ONLINE MODE VIA ZOOM)<\/h2>\n<p data-start=\"169\" data-end=\"217\"><strong data-start=\"169\" data-end=\"217\">The invisible noise that is draining your life<\/strong><\/p>\n<p data-start=\"219\" data-end=\"312\">You&#039;re not tired from what you do.<br data-start=\"253\" data-end=\"256\" \/>You&#039;re tired because of what <strong data-start=\"281\" data-end=\"311\">your mind keeps thinking<\/strong>.<\/p>\n<p data-start=\"314\" data-end=\"514\">Repetitive thoughts, fears about the future, guilt from the past, internal dialogues that won&#039;t shut off.<br data-start=\"412\" data-end=\"415\" \/>Mental assaults that don&#039;t destroy you all at once, but <strong data-start=\"467\" data-end=\"513\">They take away your clarity, energy, focus, and peace.<\/strong>.<\/p>\n<p data-start=\"516\" data-end=\"639\">This retreat is not for further analysis.<br data-start=\"552\" data-end=\"555\" \/>It&#039;s for <strong data-start=\"563\" data-end=\"576\">stop<\/strong>, to observe reality accurately and <strong data-start=\"615\" data-end=\"638\">reclaim your center<\/strong>.<\/p>\n<h3 data-start=\"641\" data-end=\"673\">In this retreat you will learn to:<\/h3>\n<ul data-start=\"674\" data-end=\"874\">\n<li data-start=\"674\" data-end=\"724\">\n<p data-start=\"676\" data-end=\"724\">Identify the mental attacks that sabotage you<\/p>\n<\/li>\n<li data-start=\"725\" data-end=\"778\">\n<p data-start=\"727\" data-end=\"778\">Reduce the internal noise that blocks your decisions<\/p>\n<\/li>\n<li data-start=\"779\" data-end=\"824\">\n<p data-start=\"781\" data-end=\"824\">Regain presence, focus, and tranquility<\/p>\n<\/li>\n<li data-start=\"825\" data-end=\"874\">\n<p data-start=\"827\" data-end=\"874\">Move forward with greater ease and better results<\/p>\n<\/li>\n<\/ul>\n<p data-start=\"876\" data-end=\"948\">It&#039;s not theory.<br data-start=\"889\" data-end=\"892\" \/>It&#039;s practical.<br data-start=\"904\" data-end=\"907\" \/>It&#039;s experience.<br data-start=\"922\" data-end=\"925\" \/>It is applied consciousness.<\/p>\n<p data-start=\"950\" data-end=\"1029\">Because it&#039;s not about understanding the arrow\u2026<br data-start=\"991\" data-end=\"994\" \/>\ud83d\udc49 <strong data-start=\"997\" data-end=\"1029\">It&#039;s about healing the wound.<\/strong><\/p>\n<p data-start=\"1031\" data-end=\"1116\">If your mind won&#039;t shut up and that&#039;s already costing you dearly,<br data-start=\"1086\" data-end=\"1089\" \/><strong data-start=\"1089\" data-end=\"1116\">This retreat is for you.<\/strong><\/p>\n<h3 data-start=\"1118\" data-end=\"1152\">MENTAL ASSAULTS \u2013 By DrRoch<\/h3>\n<p>ONLINE FORMAT VIA ZOOM<\/p>\n<p>From Quer\u00e9taro Capital<br \/>\nApril 24<br \/>\nHours: 10:00 to 14:00 hrs.<\/p>\n<p>You will need to have the following on hand:<br \/>\n1. Yoga mat.<br \/>\n2. Mirror of at least 15 cm.<br \/>\n3. Comfortable clothing.<\/p>\n<p data-start=\"1153\" data-end=\"1184\">","protected":false},"excerpt":{"rendered":"<p>ONLINE FORMAT VIA ZOOM<\/p>\n<p>From Guadalajara, Jalisco<br \/>\nFebruary 4th<br \/>\nHours: 10:00 to 14:00 hrs.<\/p>\n<p>You will need to have the following on hand:<br \/>\n1. Yoga mat.<br \/>\n2. Mirror of at least 15 cm.<br \/>\n3. Comfortable clothing.<\/p>","protected":false},"featured_media":10928,"template":"","meta":[],"product_brand":[],"product_cat":[63,66],"product_tag":[],"class_list":{"0":"post-10796","1":"product","2":"type-product","3":"status-publish","4":"has-post-thumbnail","6":"product_cat-cursos-tienda","7":"product_cat-tienda-2020","9":"first","10":"instock","11":"virtual","12":"purchasable","13":"product-type-simple"},"yoast_head":"<!-- This site is optimized with the Yoast SEO plugin v27.3 - https:\/\/yoast.com\/product\/yoast-seo-wordpress\/ -->\n<title>Asaltos Mentales (Modalidad en l\u00ednea v\u00eda Zoom) - Dr. Roch<\/title>\n<meta name=\"robots\" content=\"index, follow, max-snippet:-1, max-image-preview:large, max-video-preview:-1\" \/>\n<link rel=\"canonical\" href=\"https:\/\/drroch.mx\/en\/product\/asaltos-mentales-en-linea-via-zoom\/\" \/>\n<meta property=\"og:locale\" content=\"en_US\" \/>\n<meta property=\"og:type\" content=\"article\" \/>\n<meta property=\"og:title\" content=\"Asaltos Mentales (Modalidad en l\u00ednea v\u00eda Zoom) - Dr. Roch\" \/>\n<meta property=\"og:description\" content=\"MODALIDAD EN L\u00cdNEA V\u00cdA ZOOM  Desde Guadalajara Jalisco 4 de Febrero Horario: 10:00 a 14:00 hrs.  Se requiere tener a la mano: 1. Tapete de yoga. 2. Espejo de m\u00ednimo 15 cm. 3. Ropa c\u00f3moda.\" \/>\n<meta property=\"og:url\" content=\"https:\/\/drroch.mx\/en\/product\/asaltos-mentales-en-linea-via-zoom\/\" \/>\n<meta property=\"og:site_name\" content=\"Dr. Roch\" \/>\n<meta property=\"article:publisher\" content=\"https:\/\/www.facebook.com\/DrRochOficial\/\" \/>\n<meta property=\"article:modified_time\" content=\"2026-02-12T17:50:39+00:00\" \/>\n<meta property=\"og:image\" content=\"https:\/\/drroch.mx\/wp-content\/uploads\/2026\/01\/fd6a904e-73ab-4297-ae65-cdb93d52eabb.jpg\" \/>\n\t<meta property=\"og:image:width\" content=\"1600\" \/>\n\t<meta property=\"og:image:height\" content=\"1600\" \/>\n\t<meta property=\"og:image:type\" content=\"image\/jpeg\" \/>\n<meta name=\"twitter:card\" content=\"summary_large_image\" \/>\n<meta name=\"twitter:site\" content=\"@drrochoficial\" \/>\n<meta name=\"twitter:label1\" content=\"Est. reading time\" \/>\n\t<meta name=\"twitter:data1\" content=\"2 minutes\" \/>\n<script type=\"application\/ld+json\" class=\"yoast-schema-graph\">{\"@context\":\"https:\\\/\\\/schema.org\",\"@graph\":[{\"@type\":\"WebPage\",\"@id\":\"https:\\\/\\\/drroch.mx\\\/producto\\\/asaltos-mentales-en-linea-via-zoom\\\/\",\"url\":\"https:\\\/\\\/drroch.mx\\\/producto\\\/asaltos-mentales-en-linea-via-zoom\\\/\",\"name\":\"Asaltos Mentales (Modalidad en l\u00ednea v\u00eda Zoom) - Dr. Roch\",\"isPartOf\":{\"@id\":\"https:\\\/\\\/drroch.mx\\\/en\\\/#website\"},\"primaryImageOfPage\":{\"@id\":\"https:\\\/\\\/drroch.mx\\\/producto\\\/asaltos-mentales-en-linea-via-zoom\\\/#primaryimage\"},\"image\":{\"@id\":\"https:\\\/\\\/drroch.mx\\\/producto\\\/asaltos-mentales-en-linea-via-zoom\\\/#primaryimage\"},\"thumbnailUrl\":\"https:\\\/\\\/drroch.mx\\\/wp-content\\\/uploads\\\/2026\\\/01\\\/fd6a904e-73ab-4297-ae65-cdb93d52eabb.jpg\",\"datePublished\":\"2026-01-22T00:57:08+00:00\",\"dateModified\":\"2026-02-12T17:50:39+00:00\",\"breadcrumb\":{\"@id\":\"https:\\\/\\\/drroch.mx\\\/producto\\\/asaltos-mentales-en-linea-via-zoom\\\/#breadcrumb\"},\"inLanguage\":\"en-US\",\"potentialAction\":[{\"@type\":\"ReadAction\",\"target\":[\"https:\\\/\\\/drroch.mx\\\/producto\\\/asaltos-mentales-en-linea-via-zoom\\\/\"]}]},{\"@type\":\"ImageObject\",\"inLanguage\":\"en-US\",\"@id\":\"https:\\\/\\\/drroch.mx\\\/producto\\\/asaltos-mentales-en-linea-via-zoom\\\/#primaryimage\",\"url\":\"https:\\\/\\\/drroch.mx\\\/wp-content\\\/uploads\\\/2026\\\/01\\\/fd6a904e-73ab-4297-ae65-cdb93d52eabb.jpg\",\"contentUrl\":\"https:\\\/\\\/drroch.mx\\\/wp-content\\\/uploads\\\/2026\\\/01\\\/fd6a904e-73ab-4297-ae65-cdb93d52eabb.jpg\",\"width\":1600,\"height\":1600},{\"@type\":\"BreadcrumbList\",\"@id\":\"https:\\\/\\\/drroch.mx\\\/producto\\\/asaltos-mentales-en-linea-via-zoom\\\/#breadcrumb\",\"itemListElement\":[{\"@type\":\"ListItem\",\"position\":1,\"name\":\"Inicio\",\"item\":\"https:\\\/\\\/drroch.mx\\\/\"},{\"@type\":\"ListItem\",\"position\":2,\"name\":\"Asaltos Mentales (Modalidad en l\u00ednea v\u00eda Zoom)\"}]},{\"@type\":\"WebSite\",\"@id\":\"https:\\\/\\\/drroch.mx\\\/en\\\/#website\",\"url\":\"https:\\\/\\\/drroch.mx\\\/en\\\/\",\"name\":\"Dr. Roch\",\"description\":\"Neurocient\u00edfico de la Conducta Humana\",\"publisher\":{\"@id\":\"https:\\\/\\\/drroch.mx\\\/en\\\/#organization\"},\"potentialAction\":[{\"@type\":\"SearchAction\",\"target\":{\"@type\":\"EntryPoint\",\"urlTemplate\":\"https:\\\/\\\/drroch.mx\\\/en\\\/?s={search_term_string}\"},\"query-input\":{\"@type\":\"PropertyValueSpecification\",\"valueRequired\":true,\"valueName\":\"search_term_string\"}}],\"inLanguage\":\"en-US\"},{\"@type\":\"Organization\",\"@id\":\"https:\\\/\\\/drroch.mx\\\/en\\\/#organization\",\"name\":\"Dr. Roch\",\"url\":\"https:\\\/\\\/drroch.mx\\\/en\\\/\",\"logo\":{\"@type\":\"ImageObject\",\"inLanguage\":\"en-US\",\"@id\":\"https:\\\/\\\/drroch.mx\\\/en\\\/#\\\/schema\\\/logo\\\/image\\\/\",\"url\":\"https:\\\/\\\/drroch.mx\\\/wp-content\\\/uploads\\\/2024\\\/08\\\/logo_shadow.png\",\"contentUrl\":\"https:\\\/\\\/drroch.mx\\\/wp-content\\\/uploads\\\/2024\\\/08\\\/logo_shadow.png\",\"width\":480,\"height\":208,\"caption\":\"Dr. Roch\"},\"image\":{\"@id\":\"https:\\\/\\\/drroch.mx\\\/en\\\/#\\\/schema\\\/logo\\\/image\\\/\"},\"sameAs\":[\"https:\\\/\\\/www.facebook.com\\\/DrRochOficial\\\/\",\"https:\\\/\\\/x.com\\\/drrochoficial\",\"https:\\\/\\\/www.instagram.com\\\/drrochoficial\\\/\",\"https:\\\/\\\/www.youtube.com\\\/c\\\/DrRochOficial\",\"https:\\\/\\\/www.tiktok.com\\\/@drrochoficial\"]}]}<\/script>\n<!-- \/ Yoast SEO plugin. -->","yoast_head_json":{"title":"Mental Assaults (Online via Zoom) - Dr. Roch","robots":{"index":"index","follow":"follow","max-snippet":"max-snippet:-1","max-image-preview":"max-image-preview:large","max-video-preview":"max-video-preview:-1"},"canonical":"https:\/\/drroch.mx\/en\/product\/asaltos-mentales-en-linea-via-zoom\/","og_locale":"en_US","og_type":"article","og_title":"Asaltos Mentales (Modalidad en l\u00ednea v\u00eda Zoom) - Dr. Roch","og_description":"MODALIDAD EN L\u00cdNEA V\u00cdA ZOOM  Desde Guadalajara Jalisco 4 de Febrero Horario: 10:00 a 14:00 hrs.  Se requiere tener a la mano: 1. Tapete de yoga. 2. Espejo de m\u00ednimo 15 cm. 3. Ropa c\u00f3moda.","og_url":"https:\/\/drroch.mx\/en\/product\/asaltos-mentales-en-linea-via-zoom\/","og_site_name":"Dr. Roch","article_publisher":"https:\/\/www.facebook.com\/DrRochOficial\/","article_modified_time":"2026-02-12T17:50:39+00:00","og_image":[{"width":1600,"height":1600,"url":"https:\/\/drroch.mx\/wp-content\/uploads\/2026\/01\/fd6a904e-73ab-4297-ae65-cdb93d52eabb.jpg","type":"image\/jpeg"}],"twitter_card":"summary_large_image","twitter_site":"@drrochoficial","twitter_misc":{"Est. reading time":"2 minutes"},"schema":{"@context":"https:\/\/schema.org","@graph":[{"@type":"WebPage","@id":"https:\/\/drroch.mx\/producto\/asaltos-mentales-en-linea-via-zoom\/","url":"https:\/\/drroch.mx\/producto\/asaltos-mentales-en-linea-via-zoom\/","name":"Mental Assaults (Online via Zoom) - Dr. Roch","isPartOf":{"@id":"https:\/\/drroch.mx\/en\/#website"},"primaryImageOfPage":{"@id":"https:\/\/drroch.mx\/producto\/asaltos-mentales-en-linea-via-zoom\/#primaryimage"},"image":{"@id":"https:\/\/drroch.mx\/producto\/asaltos-mentales-en-linea-via-zoom\/#primaryimage"},"thumbnailUrl":"https:\/\/drroch.mx\/wp-content\/uploads\/2026\/01\/fd6a904e-73ab-4297-ae65-cdb93d52eabb.jpg","datePublished":"2026-01-22T00:57:08+00:00","dateModified":"2026-02-12T17:50:39+00:00","breadcrumb":{"@id":"https:\/\/drroch.mx\/producto\/asaltos-mentales-en-linea-via-zoom\/#breadcrumb"},"inLanguage":"en-US","potentialAction":[{"@type":"ReadAction","target":["https:\/\/drroch.mx\/producto\/asaltos-mentales-en-linea-via-zoom\/"]}]},{"@type":"ImageObject","inLanguage":"en-US","@id":"https:\/\/drroch.mx\/producto\/asaltos-mentales-en-linea-via-zoom\/#primaryimage","url":"https:\/\/drroch.mx\/wp-content\/uploads\/2026\/01\/fd6a904e-73ab-4297-ae65-cdb93d52eabb.jpg","contentUrl":"https:\/\/drroch.mx\/wp-content\/uploads\/2026\/01\/fd6a904e-73ab-4297-ae65-cdb93d52eabb.jpg","width":1600,"height":1600},{"@type":"BreadcrumbList","@id":"https:\/\/drroch.mx\/producto\/asaltos-mentales-en-linea-via-zoom\/#breadcrumb","itemListElement":[{"@type":"ListItem","position":1,"name":"Inicio","item":"https:\/\/drroch.mx\/"},{"@type":"ListItem","position":2,"name":"Asaltos Mentales (Modalidad en l\u00ednea v\u00eda Zoom)"}]},{"@type":"WebSite","@id":"https:\/\/drroch.mx\/en\/#website","url":"https:\/\/drroch.mx\/en\/","name":"Dr. Roch","description":"Neuroscientist in Human Behaviour","publisher":{"@id":"https:\/\/drroch.mx\/en\/#organization"},"potentialAction":[{"@type":"SearchAction","target":{"@type":"EntryPoint","urlTemplate":"https:\/\/drroch.mx\/en\/?s={search_term_string}"},"query-input":{"@type":"PropertyValueSpecification","valueRequired":true,"valueName":"search_term_string"}}],"inLanguage":"en-US"},{"@type":"Organization","@id":"https:\/\/drroch.mx\/en\/#organization","name":"Dr. Roch","url":"https:\/\/drroch.mx\/en\/","logo":{"@type":"ImageObject","inLanguage":"en-US","@id":"https:\/\/drroch.mx\/en\/#\/schema\/logo\/image\/","url":"https:\/\/drroch.mx\/wp-content\/uploads\/2024\/08\/logo_shadow.png","contentUrl":"https:\/\/drroch.mx\/wp-content\/uploads\/2024\/08\/logo_shadow.png","width":480,"height":208,"caption":"Dr. Roch"},"image":{"@id":"https:\/\/drroch.mx\/en\/#\/schema\/logo\/image\/"},"sameAs":["https:\/\/www.facebook.com\/DrRochOficial\/","https:\/\/x.com\/drrochoficial","https:\/\/www.instagram.com\/drrochoficial\/","https:\/\/www.youtube.com\/c\/DrRochOficial","https:\/\/www.tiktok.com\/@drrochoficial"]}]}},"_links":{"self":[{"href":"https:\/\/drroch.mx\/en\/wp-json\/wp\/v2\/product\/10796","targetHints":{"allow":["GET"]}}],"collection":[{"href":"https:\/\/drroch.mx\/en\/wp-json\/wp\/v2\/product"}],"about":[{"href":"https:\/\/drroch.mx\/en\/wp-json\/wp\/v2\/types\/product"}],"wp:featuredmedia":[{"embeddable":true,"href":"https:\/\/drroch.mx\/en\/wp-json\/wp\/v2\/media\/10928"}],"wp:attachment":[{"href":"https:\/\/drroch.mx\/en\/wp-json\/wp\/v2\/media?parent=10796"}],"wp:term":[{"taxonomy":"product_brand","embeddable":true,"href":"https:\/\/drroch.mx\/en\/wp-json\/wp\/v2\/product_brand?post=10796"},{"taxonomy":"product_cat","embeddable":true,"href":"https:\/\/drroch.mx\/en\/wp-json\/wp\/v2\/product_cat?post=10796"},{"taxonomy":"product_tag","embeddable":true,"href":"https:\/\/drroch.mx\/en\/wp-json\/wp\/v2\/product_tag?post=10796"}],"curies":[{"name":"wp","href":"https:\/\/api.w.org\/{rel}","templated":true}]}}