{"id":10610,"date":"2025-12-05T15:00:19","date_gmt":"2025-12-05T15:00:19","guid":{"rendered":"https:\/\/drroch.mx\/?post_type=product&#038;p=10610"},"modified":"2026-04-08T18:03:23","modified_gmt":"2026-04-08T18:03:23","slug":"mia-y-max-el-secreto-que-no-debo-guardar-formato-digital","status":"publish","type":"product","link":"https:\/\/drroch.mx\/en\/product\/mia-y-max-el-secreto-que-no-debo-guardar-formato-digital\/","title":{"rendered":"Mia and Max: The Secret I Shouldn&#039;t Keep (Digital Format)"},"content":{"rendered":"<h3>The greatest act of protection is not always to remain silent, but to teach people to speak with confidence and without fear.<\/h3>\n<p>In this adventure, Max faces a difficult decision when one of his friends confides something that has him very sad. This leads Max to feel guilty for keeping something that is causing his friend pain, and he must consult Timo to find out what to do. What do you think will happen?<\/p>","protected":false},"excerpt":{"rendered":"<h3>The greatest act of protection is not always to remain silent, but to teach people to speak with confidence and without fear.<\/h3>\n<p>In this adventure, Max faces a difficult decision when one of his friends confides something that has him very sad. This leads Max to feel guilty for keeping something that is causing his friend pain, and he must consult Timo to find out what to do. What do you think will happen?<\/p>","protected":false},"featured_media":10612,"template":"","meta":[],"product_brand":[],"product_cat":[62,60],"product_tag":[],"class_list":{"0":"post-10610","1":"product","2":"type-product","3":"status-publish","4":"has-post-thumbnail","6":"product_cat-ebooks-tienda","7":"product_cat-libros-tienda","9":"first","10":"instock","11":"downloadable","12":"shipping-taxable","13":"purchasable","14":"product-type-simple"},"yoast_head":"<!-- This site is optimized with the Yoast SEO plugin v27.3 - https:\/\/yoast.com\/product\/yoast-seo-wordpress\/ -->\n<title>M\u00eda y Max: El secreto que NO debo guardar (Formato digital) - Dr. Roch<\/title>\n<meta name=\"robots\" content=\"index, follow, max-snippet:-1, max-image-preview:large, max-video-preview:-1\" \/>\n<link rel=\"canonical\" href=\"https:\/\/drroch.mx\/en\/product\/mia-y-max-el-secreto-que-no-debo-guardar-formato-digital\/\" \/>\n<meta property=\"og:locale\" content=\"en_US\" \/>\n<meta property=\"og:type\" content=\"article\" \/>\n<meta property=\"og:title\" content=\"M\u00eda y Max: El secreto que NO debo guardar (Formato digital) - Dr. Roch\" \/>\n<meta property=\"og:description\" content=\"El mayor acto de protecci\u00f3n no siempre es callar, sino ense\u00f1ar a hablar con confianza y sin miedo En esta aventura, Max se enfrenta a una dif\u00edcil decisi\u00f3n, cuando uno de sus amigos le confiesa algo que lo tiene muy triste; esto lleva a Max a sentirse culpable por guardar algo que hace a su amigo sufrir y deber\u00e1 consultar a su Timo para saber qu\u00e9 camino tomar. \u00bfQu\u00e9 crees que suceder\u00e1?\" \/>\n<meta property=\"og:url\" content=\"https:\/\/drroch.mx\/en\/product\/mia-y-max-el-secreto-que-no-debo-guardar-formato-digital\/\" \/>\n<meta property=\"og:site_name\" content=\"Dr. Roch\" \/>\n<meta property=\"article:publisher\" content=\"https:\/\/www.facebook.com\/DrRochOficial\/\" \/>\n<meta property=\"article:modified_time\" content=\"2026-04-08T18:03:23+00:00\" \/>\n<meta property=\"og:image\" content=\"https:\/\/drroch.mx\/wp-content\/uploads\/2025\/12\/Free_iPad_Mockup_1.jpg\" \/>\n\t<meta property=\"og:image:width\" content=\"960\" \/>\n\t<meta property=\"og:image:height\" content=\"960\" \/>\n\t<meta property=\"og:image:type\" content=\"image\/jpeg\" \/>\n<meta name=\"twitter:card\" content=\"summary_large_image\" \/>\n<meta name=\"twitter:site\" content=\"@drrochoficial\" \/>\n<meta name=\"twitter:label1\" content=\"Est. reading time\" \/>\n\t<meta name=\"twitter:data1\" content=\"1 minute\" \/>\n<script type=\"application\/ld+json\" class=\"yoast-schema-graph\">{\"@context\":\"https:\\\/\\\/schema.org\",\"@graph\":[{\"@type\":\"WebPage\",\"@id\":\"https:\\\/\\\/drroch.mx\\\/producto\\\/mia-y-max-el-secreto-que-no-debo-guardar-formato-digital\\\/\",\"url\":\"https:\\\/\\\/drroch.mx\\\/producto\\\/mia-y-max-el-secreto-que-no-debo-guardar-formato-digital\\\/\",\"name\":\"M\u00eda y Max: El secreto que NO debo guardar (Formato digital) - Dr. Roch\",\"isPartOf\":{\"@id\":\"https:\\\/\\\/drroch.mx\\\/en\\\/#website\"},\"primaryImageOfPage\":{\"@id\":\"https:\\\/\\\/drroch.mx\\\/producto\\\/mia-y-max-el-secreto-que-no-debo-guardar-formato-digital\\\/#primaryimage\"},\"image\":{\"@id\":\"https:\\\/\\\/drroch.mx\\\/producto\\\/mia-y-max-el-secreto-que-no-debo-guardar-formato-digital\\\/#primaryimage\"},\"thumbnailUrl\":\"https:\\\/\\\/drroch.mx\\\/wp-content\\\/uploads\\\/2025\\\/12\\\/Free_iPad_Mockup_1.jpg\",\"datePublished\":\"2025-12-05T15:00:19+00:00\",\"dateModified\":\"2026-04-08T18:03:23+00:00\",\"breadcrumb\":{\"@id\":\"https:\\\/\\\/drroch.mx\\\/producto\\\/mia-y-max-el-secreto-que-no-debo-guardar-formato-digital\\\/#breadcrumb\"},\"inLanguage\":\"en-US\",\"potentialAction\":[{\"@type\":\"ReadAction\",\"target\":[\"https:\\\/\\\/drroch.mx\\\/producto\\\/mia-y-max-el-secreto-que-no-debo-guardar-formato-digital\\\/\"]}]},{\"@type\":\"ImageObject\",\"inLanguage\":\"en-US\",\"@id\":\"https:\\\/\\\/drroch.mx\\\/producto\\\/mia-y-max-el-secreto-que-no-debo-guardar-formato-digital\\\/#primaryimage\",\"url\":\"https:\\\/\\\/drroch.mx\\\/wp-content\\\/uploads\\\/2025\\\/12\\\/Free_iPad_Mockup_1.jpg\",\"contentUrl\":\"https:\\\/\\\/drroch.mx\\\/wp-content\\\/uploads\\\/2025\\\/12\\\/Free_iPad_Mockup_1.jpg\",\"width\":960,\"height\":960},{\"@type\":\"BreadcrumbList\",\"@id\":\"https:\\\/\\\/drroch.mx\\\/producto\\\/mia-y-max-el-secreto-que-no-debo-guardar-formato-digital\\\/#breadcrumb\",\"itemListElement\":[{\"@type\":\"ListItem\",\"position\":1,\"name\":\"Inicio\",\"item\":\"https:\\\/\\\/drroch.mx\\\/\"},{\"@type\":\"ListItem\",\"position\":2,\"name\":\"M\u00eda y Max: El secreto que NO debo guardar (Formato digital)\"}]},{\"@type\":\"WebSite\",\"@id\":\"https:\\\/\\\/drroch.mx\\\/en\\\/#website\",\"url\":\"https:\\\/\\\/drroch.mx\\\/en\\\/\",\"name\":\"Dr. Roch\",\"description\":\"Neurocient\u00edfico de la Conducta Humana\",\"publisher\":{\"@id\":\"https:\\\/\\\/drroch.mx\\\/en\\\/#organization\"},\"potentialAction\":[{\"@type\":\"SearchAction\",\"target\":{\"@type\":\"EntryPoint\",\"urlTemplate\":\"https:\\\/\\\/drroch.mx\\\/en\\\/?s={search_term_string}\"},\"query-input\":{\"@type\":\"PropertyValueSpecification\",\"valueRequired\":true,\"valueName\":\"search_term_string\"}}],\"inLanguage\":\"en-US\"},{\"@type\":\"Organization\",\"@id\":\"https:\\\/\\\/drroch.mx\\\/en\\\/#organization\",\"name\":\"Dr. Roch\",\"url\":\"https:\\\/\\\/drroch.mx\\\/en\\\/\",\"logo\":{\"@type\":\"ImageObject\",\"inLanguage\":\"en-US\",\"@id\":\"https:\\\/\\\/drroch.mx\\\/en\\\/#\\\/schema\\\/logo\\\/image\\\/\",\"url\":\"https:\\\/\\\/drroch.mx\\\/wp-content\\\/uploads\\\/2024\\\/08\\\/logo_shadow.png\",\"contentUrl\":\"https:\\\/\\\/drroch.mx\\\/wp-content\\\/uploads\\\/2024\\\/08\\\/logo_shadow.png\",\"width\":480,\"height\":208,\"caption\":\"Dr. Roch\"},\"image\":{\"@id\":\"https:\\\/\\\/drroch.mx\\\/en\\\/#\\\/schema\\\/logo\\\/image\\\/\"},\"sameAs\":[\"https:\\\/\\\/www.facebook.com\\\/DrRochOficial\\\/\",\"https:\\\/\\\/x.com\\\/drrochoficial\",\"https:\\\/\\\/www.instagram.com\\\/drrochoficial\\\/\",\"https:\\\/\\\/www.youtube.com\\\/c\\\/DrRochOficial\",\"https:\\\/\\\/www.tiktok.com\\\/@drrochoficial\"]}]}<\/script>\n<!-- \/ Yoast SEO plugin. -->","yoast_head_json":{"title":"Mia and Max: The Secret I Shouldn&#039;t Keep (Digital Format) - Dr. Roch","robots":{"index":"index","follow":"follow","max-snippet":"max-snippet:-1","max-image-preview":"max-image-preview:large","max-video-preview":"max-video-preview:-1"},"canonical":"https:\/\/drroch.mx\/en\/product\/mia-y-max-el-secreto-que-no-debo-guardar-formato-digital\/","og_locale":"en_US","og_type":"article","og_title":"M\u00eda y Max: El secreto que NO debo guardar (Formato digital) - Dr. Roch","og_description":"El mayor acto de protecci\u00f3n no siempre es callar, sino ense\u00f1ar a hablar con confianza y sin miedo En esta aventura, Max se enfrenta a una dif\u00edcil decisi\u00f3n, cuando uno de sus amigos le confiesa algo que lo tiene muy triste; esto lleva a Max a sentirse culpable por guardar algo que hace a su amigo sufrir y deber\u00e1 consultar a su Timo para saber qu\u00e9 camino tomar. \u00bfQu\u00e9 crees que suceder\u00e1?","og_url":"https:\/\/drroch.mx\/en\/product\/mia-y-max-el-secreto-que-no-debo-guardar-formato-digital\/","og_site_name":"Dr. Roch","article_publisher":"https:\/\/www.facebook.com\/DrRochOficial\/","article_modified_time":"2026-04-08T18:03:23+00:00","og_image":[{"width":960,"height":960,"url":"https:\/\/drroch.mx\/wp-content\/uploads\/2025\/12\/Free_iPad_Mockup_1.jpg","type":"image\/jpeg"}],"twitter_card":"summary_large_image","twitter_site":"@drrochoficial","twitter_misc":{"Est. reading time":"1 minute"},"schema":{"@context":"https:\/\/schema.org","@graph":[{"@type":"WebPage","@id":"https:\/\/drroch.mx\/producto\/mia-y-max-el-secreto-que-no-debo-guardar-formato-digital\/","url":"https:\/\/drroch.mx\/producto\/mia-y-max-el-secreto-que-no-debo-guardar-formato-digital\/","name":"Mia and Max: The Secret I Shouldn&#039;t Keep (Digital Format) - Dr. Roch","isPartOf":{"@id":"https:\/\/drroch.mx\/en\/#website"},"primaryImageOfPage":{"@id":"https:\/\/drroch.mx\/producto\/mia-y-max-el-secreto-que-no-debo-guardar-formato-digital\/#primaryimage"},"image":{"@id":"https:\/\/drroch.mx\/producto\/mia-y-max-el-secreto-que-no-debo-guardar-formato-digital\/#primaryimage"},"thumbnailUrl":"https:\/\/drroch.mx\/wp-content\/uploads\/2025\/12\/Free_iPad_Mockup_1.jpg","datePublished":"2025-12-05T15:00:19+00:00","dateModified":"2026-04-08T18:03:23+00:00","breadcrumb":{"@id":"https:\/\/drroch.mx\/producto\/mia-y-max-el-secreto-que-no-debo-guardar-formato-digital\/#breadcrumb"},"inLanguage":"en-US","potentialAction":[{"@type":"ReadAction","target":["https:\/\/drroch.mx\/producto\/mia-y-max-el-secreto-que-no-debo-guardar-formato-digital\/"]}]},{"@type":"ImageObject","inLanguage":"en-US","@id":"https:\/\/drroch.mx\/producto\/mia-y-max-el-secreto-que-no-debo-guardar-formato-digital\/#primaryimage","url":"https:\/\/drroch.mx\/wp-content\/uploads\/2025\/12\/Free_iPad_Mockup_1.jpg","contentUrl":"https:\/\/drroch.mx\/wp-content\/uploads\/2025\/12\/Free_iPad_Mockup_1.jpg","width":960,"height":960},{"@type":"BreadcrumbList","@id":"https:\/\/drroch.mx\/producto\/mia-y-max-el-secreto-que-no-debo-guardar-formato-digital\/#breadcrumb","itemListElement":[{"@type":"ListItem","position":1,"name":"Inicio","item":"https:\/\/drroch.mx\/"},{"@type":"ListItem","position":2,"name":"M\u00eda y Max: El secreto que NO debo guardar (Formato digital)"}]},{"@type":"WebSite","@id":"https:\/\/drroch.mx\/en\/#website","url":"https:\/\/drroch.mx\/en\/","name":"Dr. Roch","description":"Neuroscientist in Human Behaviour","publisher":{"@id":"https:\/\/drroch.mx\/en\/#organization"},"potentialAction":[{"@type":"SearchAction","target":{"@type":"EntryPoint","urlTemplate":"https:\/\/drroch.mx\/en\/?s={search_term_string}"},"query-input":{"@type":"PropertyValueSpecification","valueRequired":true,"valueName":"search_term_string"}}],"inLanguage":"en-US"},{"@type":"Organization","@id":"https:\/\/drroch.mx\/en\/#organization","name":"Dr. Roch","url":"https:\/\/drroch.mx\/en\/","logo":{"@type":"ImageObject","inLanguage":"en-US","@id":"https:\/\/drroch.mx\/en\/#\/schema\/logo\/image\/","url":"https:\/\/drroch.mx\/wp-content\/uploads\/2024\/08\/logo_shadow.png","contentUrl":"https:\/\/drroch.mx\/wp-content\/uploads\/2024\/08\/logo_shadow.png","width":480,"height":208,"caption":"Dr. Roch"},"image":{"@id":"https:\/\/drroch.mx\/en\/#\/schema\/logo\/image\/"},"sameAs":["https:\/\/www.facebook.com\/DrRochOficial\/","https:\/\/x.com\/drrochoficial","https:\/\/www.instagram.com\/drrochoficial\/","https:\/\/www.youtube.com\/c\/DrRochOficial","https:\/\/www.tiktok.com\/@drrochoficial"]}]}},"_links":{"self":[{"href":"https:\/\/drroch.mx\/en\/wp-json\/wp\/v2\/product\/10610","targetHints":{"allow":["GET"]}}],"collection":[{"href":"https:\/\/drroch.mx\/en\/wp-json\/wp\/v2\/product"}],"about":[{"href":"https:\/\/drroch.mx\/en\/wp-json\/wp\/v2\/types\/product"}],"wp:featuredmedia":[{"embeddable":true,"href":"https:\/\/drroch.mx\/en\/wp-json\/wp\/v2\/media\/10612"}],"wp:attachment":[{"href":"https:\/\/drroch.mx\/en\/wp-json\/wp\/v2\/media?parent=10610"}],"wp:term":[{"taxonomy":"product_brand","embeddable":true,"href":"https:\/\/drroch.mx\/en\/wp-json\/wp\/v2\/product_brand?post=10610"},{"taxonomy":"product_cat","embeddable":true,"href":"https:\/\/drroch.mx\/en\/wp-json\/wp\/v2\/product_cat?post=10610"},{"taxonomy":"product_tag","embeddable":true,"href":"https:\/\/drroch.mx\/en\/wp-json\/wp\/v2\/product_tag?post=10610"}],"curies":[{"name":"wp","href":"https:\/\/api.w.org\/{rel}","templated":true}]}}